{"id":3229,"date":"2018-02-26T11:54:23","date_gmt":"2018-02-26T10:54:23","guid":{"rendered":"http:\/\/www.zemnepracebdm.sk\/sk\/?page_id=3229"},"modified":"2018-04-16T11:11:57","modified_gmt":"2018-04-16T09:11:57","slug":"domov","status":"publish","type":"page","link":"https:\/\/www.zemnepracebdm.sk\/sk\/","title":{"rendered":"Domov"},"content":{"rendered":"<p>[vc_row css=&#8221;.vc_custom_1465986795347{margin-top: -40px !important;}&#8221;][vc_column][rev_slider_vc alias=&#8221;uvodna-stranka&#8221;][\/vc_column][\/vc_row][vc_row css=&#8221;.vc_custom_1465991303714{margin-top: 30px !important;}&#8221;][vc_column]<div class=\"mgt-header-block clearfix text-center text-black wpb_content_element  mgt-header-block-style-2 mgt-header-texttransform-subheader \"><p class=\"mgt-header-block-subtitle\">Vitajte na webstr\u00e1nke firmy<\/p><h1 class=\"mgt-header-block-title\">BDM s.r.o.<\/h1><\/div>[\/vc_column][\/vc_row][vc_row css=&#8221;.vc_custom_1464093122490{margin-bottom: 30px !important;}&#8221;][vc_column width=&#8221;1\/6&#8243;][\/vc_column][vc_column width=&#8221;2\/3&#8243;][vc_column_text]<\/p>\n<h3 style=\"text-align: center;\">Spolo\u010dnos\u0165 BDM Zemn\u00e9 pr\u00e1ce s.r.o je na trhu u\u017e od roku 2007.<\/h3>\n<p style=\"text-align: center;\"><span style=\"font-size: 14pt;\">Na\u0161e dlhoro\u010dn\u00e9 sk\u00fasenosti v oblasti zemn\u00fdch a b\u00farac\u00edch pr\u00e1c s\u00fa z\u00e1rukou vysoko kvalitnej\u00a0spolupr\u00e1ce\u00a0a\u00a0spokojnosti na\u0161ich\u00a0z\u00e1kazn\u00edkov. Spolo\u010dnos\u0165 s\u00eddli v obci \u010cast\u00e1, ktor\u00e1 sa nach\u00e1dza ne\u010faleko Pezinka.\u00a0Nad obcou, v lesnom prostred\u00ed, je hrad \u010cerven\u00fd kame\u0148. Je vzdialen\u00e1 cca asi 35 km od Bratislavy a cca asi 20 km od Trnavy.<\/span><\/p>\n<p style=\"text-align: center;\"><span style=\"font-size: 14pt;\"><strong>Firma BDM s.r.o V\u00e1m pon\u00faka pr\u00e1cu strojmi ako \u0161mykom riaden\u00fd naklada\u010d GEHL a\u00a0pasov\u00fd bager Kubota.<\/strong><\/span><\/p>\n<p style=\"text-align: center;\"><span style=\"font-size: 14pt;\">Na pr\u00e1cu v podmo\u010denom ter\u00e9ne vieme doda\u0165 p\u00e1sov\u00fd naklada\u010d a p\u00e1sov\u00fd transport\u00e9r zeminy do nosnosti 6 ton. Viac o technike ktor\u00fa pou\u017e\u00edvame n\u00e1jdete v sekci\u00ed zemn\u00e9 pr\u00e1ce s presn\u00fdmi technick\u00fdm parametrami.<\/span><\/p>\n<p>[\/vc_column_text][\/vc_column][vc_column width=&#8221;1\/6&#8243;][\/vc_column][\/vc_row][vc_row][vc_column][vc_zigzag][\/vc_column][\/vc_row][vc_row full_width=&#8221;stretch_row&#8221; css=&#8221;.vc_custom_1519899253375{margin-top: 30px !important;padding-top: 30px !important;padding-bottom: 15px !important;background-color: #ffffff !important;background-position: 0 0 !important;background-repeat: repeat !important;}&#8221;][vc_column]<div class=\"mgt-header-block clearfix text-center text-black wpb_content_element  mgt-header-block-style-2 mgt-header-texttransform-subheader \"><p class=\"mgt-header-block-subtitle\">ponuka slu\u017eieb<\/p><h1 class=\"mgt-header-block-title\">V\u00ddKOPOV\u00c9, ZEMN\u00c9, B\u00daRACIE PR\u00c1CE A \u0160PECI\u00c1LNE \u010cINNOSTI<\/h1><\/div>[vc_tta_tabs shape=&#8221;square&#8221; color=&#8221;black&#8221; spacing=&#8221;&#8221; alignment=&#8221;center&#8221; active_section=&#8221;1&#8243; no_fill_content_area=&#8221;true&#8221; css=&#8221;.vc_custom_1466080005959{padding-top: 10px !important;padding-bottom: 10px !important;}&#8221;][vc_tta_section title=&#8221;ZEMN\u00c9 PR\u00c1CE&#8221; tab_id=&#8221;1465992037443-44330575-16b2&#8243;][vc_row_inner css=&#8221;.vc_custom_1465993245954{padding-top: 30px !important;}&#8221;][vc_column_inner width=&#8221;1\/2&#8243; css=&#8221;.vc_custom_1519900313045{padding-left: 50px !important;background-color: #ee6409 !important;}&#8221;][vc_icon type=&#8221;linecons&#8221; icon_linecons=&#8221;vc_li vc_li-shop&#8221; color=&#8221;black&#8221; background_style=&#8221;rounded-less-outline&#8221; css_animation=&#8221;top-to-bottom&#8221;]<div class=\"mgt-header-block clearfix text-left text-black wpb_content_element  mgt-header-block-style-2 mgt-header-texttransform-both  vc_custom_1519735946337\"><h1 class=\"mgt-header-block-title\">ZEMN\u00c9 PR\u00c1CE<\/h1><\/div>[vc_column_text]<\/p>\n<h3>Pl\u00e1nujete upravi\u0165 stavebn\u00fd pozemok, dvor, z\u00e1hradu, park \u010di in\u00fa plochu?<\/h3>\n<p>[\/vc_column_text][vc_empty_space height=&#8221;45px&#8221;][\/vc_column_inner][vc_column_inner width=&#8221;1\/4&#8243; css=&#8221;.vc_custom_1465992884028{margin-right: 0px !important;padding-right: 0px !important;}&#8221;]<style scoped='scoped'>.mgt-promo-block-80547717587.mgt-promo-block.animated:hover .mgt-promo-block-content {background-color: rgba(0,0,0,0.5)!important;}<\/style><div class=\"mgt-promo-block animated white-text cover-image text-size-normal no-darken mgt-promo-block-80547717587 wpb_content_element\" data-style=\"background-image: url(https:\/\/www.zemnepracebdm.sk\/sk\/wp-content\/uploads\/2018\/02\/gehl_.jpg);background-repeat: no-repeat;width: 100%; height: 320px;\"><div class=\"mgt-promo-block-content\"><div class=\"mgt-promo-block-content-inside\"><\/div><\/div><\/div>[\/vc_column_inner][vc_column_inner width=&#8221;1\/4&#8243; css=&#8221;.vc_custom_1465992888696{margin-left: 0px !important;padding-left: 0px !important;}&#8221;]<div class=\"mgt-promo-block white-text text-size-normal no-darken mgt-promo-block-75700987093 wpb_content_element\" data-style=\"background-color: #1c2126;width: 100%; height: 320px;\"><div class=\"mgt-promo-block-content va-top\"><div class=\"mgt-promo-block-content-inside vc_custom_1519916683654\">\n<h3 style=\"text-align: left\">SLU\u017dBY<\/h3>\nChyst\u00e1te sa zalo\u017ei\u0165 tr\u00e1vnik alebo poklada\u0165 z\u00e1mkov\u00fa dla\u017ebu? Priprav\u00edme v\u00e1m podkladov\u00fa vrstvu.<div class=\"mgt-button-wrapper mgt-button-wrapper-align-left mgt-button-wrapper-display-newline mgt-button-top-margin-enable\"><a class=\"btn hvr-sink mgt-button mgt-style-borderedwhite mgt-size-small mgt-align-left mgt-display-newline mgt-text-size-small mgt-button-icon-position-left mgt-text-transform-uppercase \" href=\"http:\/\/www.zemnepracebdm.sk\/sk\/nase-sluzby\/\">zisti\u0165 viac<\/a><\/div><\/div><\/div><\/div>[\/vc_column_inner][\/vc_row_inner][\/vc_tta_section][vc_tta_section title=&#8221;V\u00ddKOPOV\u00c9 PR\u00c1CE&#8221; tab_id=&#8221;1465993411014-2c166847-ce4e&#8221;][vc_row_inner css=&#8221;.vc_custom_1465993245954{padding-top: 30px !important;}&#8221;][vc_column_inner width=&#8221;1\/2&#8243; css=&#8221;.vc_custom_1519900307430{padding-left: 50px !important;background-color: #ee6409 !important;}&#8221;][vc_icon type=&#8221;linecons&#8221; icon_linecons=&#8221;vc_li vc_li-photo&#8221; color=&#8221;black&#8221; background_style=&#8221;rounded-less-outline&#8221; css_animation=&#8221;top-to-bottom&#8221;]<div class=\"mgt-header-block clearfix text-left text-black wpb_content_element  mgt-header-block-style-2 mgt-header-texttransform-both  vc_custom_1519900479417\"><h1 class=\"mgt-header-block-title\">V\u00ddKOPOV\u00c9 PR\u00c1CE<\/h1><\/div>[vc_column_text]<\/p>\n<h3>Potrebujete vykopa\u0165 z\u00e1klady rodinn\u00e9ho domu, plotu, alebo oporn\u00e9ho m\u00faru?<\/h3>\n<p>[\/vc_column_text][vc_empty_space height=&#8221;45px&#8221;][\/vc_column_inner][vc_column_inner width=&#8221;1\/4&#8243; css=&#8221;.vc_custom_1465992884028{margin-right: 0px !important;padding-right: 0px !important;}&#8221;]<style scoped='scoped'>.mgt-promo-block-80547717587.mgt-promo-block.animated:hover .mgt-promo-block-content {background-color: rgba(0,0,0,0.5)!important;}<\/style><div class=\"mgt-promo-block animated white-text cover-image text-size-normal no-darken mgt-promo-block-80547717587 wpb_content_element\" data-style=\"background-image: url(https:\/\/www.zemnepracebdm.sk\/sk\/wp-content\/uploads\/2018\/02\/kubota.jpg);background-repeat: no-repeat;width: 100%; height: 320px;\"><div class=\"mgt-promo-block-content\"><div class=\"mgt-promo-block-content-inside\"><\/div><\/div><\/div>[\/vc_column_inner][vc_column_inner width=&#8221;1\/4&#8243; css=&#8221;.vc_custom_1465992888696{margin-left: 0px !important;padding-left: 0px !important;}&#8221;]<div class=\"mgt-promo-block white-text text-size-normal no-darken mgt-promo-block-75700987093 wpb_content_element\" data-style=\"background-color: #1c2126;width: 100%; height: 320px;\"><div class=\"mgt-promo-block-content va-top\"><div class=\"mgt-promo-block-content-inside vc_custom_1519916700644\">\n<h3>SLU\u017dBY<\/h3>\n<p style=\"text-align: left\">Potrebujete vykopa\u0165 z\u00e1klady rodinn\u00e9ho domu, plotu, alebo oporn\u00e9ho m\u00faru?\n<div class=\"mgt-button-wrapper mgt-button-wrapper-align-left mgt-button-wrapper-display-newline mgt-button-top-margin-enable\"><a class=\"btn hvr-sink mgt-button mgt-style-borderedwhite mgt-size-small mgt-align-left mgt-display-newline mgt-text-size-small mgt-button-icon-position-left mgt-text-transform-uppercase \" href=\"http:\/\/www.zemnepracebdm.sk\/sk\/nase-sluzby\/\">zisti\u0165 viac<\/a><\/div><\/div><\/div><\/div>[\/vc_column_inner][\/vc_row_inner][\/vc_tta_section][vc_tta_section title=&#8221;B\u00daRACIE PR\u00c1CE&#8221; tab_id=&#8221;1465993408854-c2d9e472-22ea&#8221;][vc_row_inner css=&#8221;.vc_custom_1465993245954{padding-top: 30px !important;}&#8221;][vc_column_inner width=&#8221;1\/2&#8243; css=&#8221;.vc_custom_1519900321437{padding-left: 50px !important;background-color: #ee6409 !important;}&#8221;][vc_icon type=&#8221;linecons&#8221; icon_linecons=&#8221;vc_li vc_li-like&#8221; color=&#8221;black&#8221; background_style=&#8221;rounded-less-outline&#8221; css_animation=&#8221;top-to-bottom&#8221;]<div class=\"mgt-header-block clearfix text-left text-black wpb_content_element  mgt-header-block-style-2 mgt-header-texttransform-both  vc_custom_1519900486546\"><h1 class=\"mgt-header-block-title\">B\u00daRACIE PR\u00c1CE<\/h1><\/div>[vc_column_text]<\/p>\n<h3>Poskytujeme slu\u017eby v oblasti b\u00farania stavieb rodinn\u00fdch domov, star\u0161\u00edch budov, pr\u00edstre\u0161kov, gar\u00e1\u017e\u00ed a pod.<\/h3>\n<p>[\/vc_column_text][vc_empty_space height=&#8221;45px&#8221;][\/vc_column_inner][vc_column_inner width=&#8221;1\/4&#8243; css=&#8221;.vc_custom_1465992884028{margin-right: 0px !important;padding-right: 0px !important;}&#8221;]<style scoped='scoped'>.mgt-promo-block-80547717587.mgt-promo-block.animated:hover .mgt-promo-block-content {background-color: rgba(0,0,0,0.5)!important;}<\/style><div class=\"mgt-promo-block animated white-text cover-image text-size-normal no-darken mgt-promo-block-80547717587 wpb_content_element\" data-style=\"background-image: url(https:\/\/www.zemnepracebdm.sk\/sk\/wp-content\/uploads\/2018\/03\/strojt.jpg);background-repeat: no-repeat;width: 100%; height: 320px;\"><div class=\"mgt-promo-block-content\"><div class=\"mgt-promo-block-content-inside\"><\/div><\/div><\/div>[\/vc_column_inner][vc_column_inner width=&#8221;1\/4&#8243; css=&#8221;.vc_custom_1465992888696{margin-left: 0px !important;padding-left: 0px !important;}&#8221;]<div class=\"mgt-promo-block white-text text-size-normal no-darken mgt-promo-block-75700987093 wpb_content_element\" data-style=\"background-color: #1c2126;width: 100%; height: 320px;\"><div class=\"mgt-promo-block-content va-top\"><div class=\"mgt-promo-block-content-inside vc_custom_1519916712683\">\n<h4 style=\"text-align: left\">SLU\u017dBY<\/h4>\n<p style=\"text-align: left\">B\u00faracie pr\u00e1ce vykon\u00e1vame pomocou vlastnej techniky a vybavenia.\n<div class=\"mgt-button-wrapper mgt-button-wrapper-align-left mgt-button-wrapper-display-newline mgt-button-top-margin-enable\"><a class=\"btn hvr-sink mgt-button mgt-style-borderedwhite mgt-size-small mgt-align-left mgt-display-newline mgt-text-size-small mgt-button-icon-position-left mgt-text-transform-uppercase \" href=\"http:\/\/www.zemnepracebdm.sk\/sk\/nase-sluzby\/\">zisti\u0165 viac<\/a><\/div><\/div><\/div><\/div>[\/vc_column_inner][\/vc_row_inner][\/vc_tta_section][vc_tta_section title=&#8221;ODVOZ MATERI\u00c1LU&#8221; tab_id=&#8221;1465993406170-a852eb31-823e&#8221;][vc_row_inner css=&#8221;.vc_custom_1465993245954{padding-top: 30px !important;}&#8221;][vc_column_inner width=&#8221;1\/2&#8243; css=&#8221;.vc_custom_1519900330357{padding-left: 50px !important;background-color: #ee6409 !important;}&#8221;][vc_icon type=&#8221;linecons&#8221; icon_linecons=&#8221;vc_li vc_li-news&#8221; color=&#8221;black&#8221; background_style=&#8221;rounded-less-outline&#8221; css_animation=&#8221;top-to-bottom&#8221;]<div class=\"mgt-header-block clearfix text-left text-black wpb_content_element  mgt-header-block-style-2 mgt-header-texttransform-both  vc_custom_1521447186518\"><h1 class=\"mgt-header-block-title\">ODVOZ MATERI\u00c1LU<\/h1><\/div>[vc_column_text]<\/p>\n<h3>Zabezpe\u010dujeme odvoz v\u0161etk\u00e9ho stavebn\u00e9ho odpadu po b\u00farac\u00edch pr\u00e1cach a jeho n\u00e1sledn\u00e9 uskladnenie&#8230;<\/h3>\n<p>[\/vc_column_text][vc_empty_space height=&#8221;45px&#8221;][\/vc_column_inner][vc_column_inner width=&#8221;1\/4&#8243; css=&#8221;.vc_custom_1465992884028{margin-right: 0px !important;padding-right: 0px !important;}&#8221;]<style scoped='scoped'>.mgt-promo-block-80547717587.mgt-promo-block.animated:hover .mgt-promo-block-content {background-color: rgba(0,0,0,0.5)!important;}<\/style><div class=\"mgt-promo-block animated white-text cover-image text-size-normal no-darken mgt-promo-block-80547717587 wpb_content_element\" data-style=\"background-image: url(https:\/\/www.zemnepracebdm.sk\/sk\/wp-content\/uploads\/2018\/03\/sut_.jpg);background-repeat: no-repeat;width: 100%; height: 320px;\"><div class=\"mgt-promo-block-content\"><div class=\"mgt-promo-block-content-inside\"><\/div><\/div><\/div>[\/vc_column_inner][vc_column_inner width=&#8221;1\/4&#8243; css=&#8221;.vc_custom_1465992888696{margin-left: 0px !important;padding-left: 0px !important;}&#8221;]<div class=\"mgt-promo-block white-text text-size-normal no-darken mgt-promo-block-75700987093 wpb_content_element\" data-style=\"background-color: #1c2126;width: 100%; height: 320px;\"><div class=\"mgt-promo-block-content va-top\"><div class=\"mgt-promo-block-content-inside vc_custom_1519916726124\">\n<h4 style=\"text-align: left\">SLU\u017dBY<\/h4>\n<p style=\"text-align: left\">Potrebujete odviez\u0165 stavebn\u00fd odpad?\n<div class=\"mgt-button-wrapper mgt-button-wrapper-align-left mgt-button-wrapper-display-newline mgt-button-top-margin-enable\"><a class=\"btn hvr-sink mgt-button mgt-style-borderedwhite mgt-size-small mgt-align-left mgt-display-newline mgt-text-size-small mgt-button-icon-position-left mgt-text-transform-uppercase \" href=\"http:\/\/www.zemnepracebdm.sk\/sk\/nase-sluzby\/\">zisti\u0165 viac<\/a><\/div><\/div><\/div><\/div>[\/vc_column_inner][\/vc_row_inner][\/vc_tta_section][vc_tta_section title=&#8221;DOVOZ MATERI\u00c1LU&#8221; tab_id=&#8221;1465993404102-76f12816-8dcc&#8221;][vc_row_inner css=&#8221;.vc_custom_1465993245954{padding-top: 30px !important;}&#8221;][vc_column_inner width=&#8221;1\/2&#8243; css=&#8221;.vc_custom_1519900336982{padding-left: 50px !important;background-color: #ee6409 !important;}&#8221;][vc_icon type=&#8221;linecons&#8221; icon_linecons=&#8221;vc_li vc_li-paperplane&#8221; color=&#8221;black&#8221; background_style=&#8221;rounded-less-outline&#8221; css_animation=&#8221;top-to-bottom&#8221;]<div class=\"mgt-header-block clearfix text-left text-black wpb_content_element  mgt-header-block-style-2 mgt-header-texttransform-both  vc_custom_1519900593532\"><h1 class=\"mgt-header-block-title\">DOVOZ MATERI\u00c1LU<\/h1><\/div>[vc_column_text]<\/p>\n<h3>Pon\u00fakame dovoz sypk\u00fdch materi\u00e1lov n\u00e1kladn\u00fdmi\u00a0 vozidlami ako \u0161trk, piesok, mak\u00e1dam, zahradn\u00fa zeminu\u2026<\/h3>\n<p>[\/vc_column_text][vc_empty_space height=&#8221;45px&#8221;][\/vc_column_inner][vc_column_inner width=&#8221;1\/4&#8243; css=&#8221;.vc_custom_1465992884028{margin-right: 0px !important;padding-right: 0px !important;}&#8221;]<style scoped='scoped'>.mgt-promo-block-80547717587.mgt-promo-block.animated:hover .mgt-promo-block-content {background-color: rgba(0,0,0,0.5)!important;}<\/style><div class=\"mgt-promo-block animated white-text cover-image text-size-normal no-darken mgt-promo-block-80547717587 wpb_content_element\" data-style=\"background-image: url(https:\/\/www.zemnepracebdm.sk\/sk\/wp-content\/uploads\/2018\/02\/material.jpg);background-repeat: no-repeat;width: 100%; height: 320px;\"><div class=\"mgt-promo-block-content\"><div class=\"mgt-promo-block-content-inside\"><\/div><\/div><\/div>[\/vc_column_inner][vc_column_inner width=&#8221;1\/4&#8243; css=&#8221;.vc_custom_1465992888696{margin-left: 0px !important;padding-left: 0px !important;}&#8221;]<div class=\"mgt-promo-block white-text text-size-normal no-darken mgt-promo-block-75700987093 wpb_content_element\" data-style=\"background-color: #1c2126;width: 100%; height: 320px;\"><div class=\"mgt-promo-block-content va-top\"><div class=\"mgt-promo-block-content-inside vc_custom_1519916738201\">\n<h4 style=\"text-align: left\">SLU\u017dBY<\/h4>\n<p style=\"text-align: left\">Dopravu materi\u00e1lov vykon\u00e1vame skl\u00e1pac\u00edm vozidlom.\n<div class=\"mgt-button-wrapper mgt-button-wrapper-align-left mgt-button-wrapper-display-newline mgt-button-top-margin-enable\"><a class=\"btn hvr-sink mgt-button mgt-style-borderedwhite mgt-size-small mgt-align-left mgt-display-newline mgt-text-size-small mgt-button-icon-position-left mgt-text-transform-uppercase \" href=\"http:\/\/www.zemnepracebdm.sk\/sk\/nase-sluzby\/\">zisti\u0165 viac<\/a><\/div><\/div><\/div><\/div>[\/vc_column_inner][\/vc_row_inner][\/vc_tta_section][vc_tta_section title=&#8221;\u0160PECI\u00c1LNE \u010cINNOSTI&#8221; tab_id=&#8221;1465993401654-7133cd0d-c13f&#8221;][vc_row_inner css=&#8221;.vc_custom_1465993245954{padding-top: 30px !important;}&#8221;][vc_column_inner width=&#8221;1\/2&#8243; css=&#8221;.vc_custom_1519900343901{padding-left: 50px !important;background-color: #ee6409 !important;}&#8221;][vc_icon type=&#8221;linecons&#8221; icon_linecons=&#8221;vc_li vc_li-pen&#8221; color=&#8221;black&#8221; background_style=&#8221;rounded-less-outline&#8221; css_animation=&#8221;top-to-bottom&#8221;]<div class=\"mgt-header-block clearfix text-left text-black wpb_content_element  mgt-header-block-style-2 mgt-header-texttransform-both  vc_custom_1519900801025\"><h1 class=\"mgt-header-block-title\">\u0160PECI\u00c1LNE \u010cINNOSTI<\/h1><\/div>[vc_column_text]<\/p>\n<h3>Orez stromov a in\u00e9 \u0161peci\u00e1lne \u010dinnosti t\u00fdkaj\u00face sa stavieb.<\/h3>\n<p>[\/vc_column_text][vc_empty_space height=&#8221;45px&#8221;][\/vc_column_inner][vc_column_inner width=&#8221;1\/4&#8243; css=&#8221;.vc_custom_1465992884028{margin-right: 0px !important;padding-right: 0px !important;}&#8221;]<style scoped='scoped'>.mgt-promo-block-80547717587.mgt-promo-block.animated:hover .mgt-promo-block-content {background-color: rgba(0,0,0,0.5)!important;}<\/style><div class=\"mgt-promo-block animated white-text cover-image text-size-normal no-darken mgt-promo-block-80547717587 wpb_content_element\" data-style=\"background-image: url(https:\/\/www.zemnepracebdm.sk\/sk\/wp-content\/uploads\/2018\/02\/orez.jpg);background-repeat: no-repeat;width: 100%; height: 320px;\"><div class=\"mgt-promo-block-content\"><div class=\"mgt-promo-block-content-inside\"><\/div><\/div><\/div>[\/vc_column_inner][vc_column_inner width=&#8221;1\/4&#8243; css=&#8221;.vc_custom_1465992888696{margin-left: 0px !important;padding-left: 0px !important;}&#8221;]<div class=\"mgt-promo-block white-text text-size-normal no-darken mgt-promo-block-75700987093 wpb_content_element\" data-style=\"background-color: #1c2126;width: 100%; height: 320px;\"><div class=\"mgt-promo-block-content va-top\"><div class=\"mgt-promo-block-content-inside vc_custom_1522825480994\">\n<h4 style=\"text-align: left\">SLU\u017dBY<\/h4>\n<p style=\"text-align: left\">Potrebujete oreza\u0165 stromy alebo in\u00fa \u0161peci\u00e1lnu \u010dinnos\u0165?\n<div class=\"mgt-button-wrapper mgt-button-wrapper-align-left mgt-button-wrapper-display-newline mgt-button-top-margin-enable\"><a class=\"btn hvr-sink mgt-button mgt-style-borderedwhite mgt-size-small mgt-align-left mgt-display-newline mgt-text-size-small mgt-button-icon-position-left mgt-text-transform-uppercase \" href=\"http:\/\/www.zemnepracebdm.sk\/sk\/nase-sluzby\/\">zisti\u0165 viac<\/a><\/div><\/div><\/div><\/div>[\/vc_column_inner][\/vc_row_inner][\/vc_tta_section][\/vc_tta_tabs][vc_empty_space]<div class=\"mgt-button-wrapper mgt-button-wrapper-align-center mgt-button-wrapper-display-newline mgt-button-top-margin-disable\"><a class=\"btn hvr-float mgt-button mgt-style-solid-invert mgt-size-normal mgt-align-center mgt-display-newline mgt-text-size-normal mgt-button-icon-position-left mgt-text-transform-uppercase \" href=\"http:\/\/www.zemnepracebdm.sk\/sk\/nase-sluzby\/\">v\u0161etky na\u0161e slu\u017eby<\/a><\/div>[\/vc_column][\/vc_row][vc_row css=&#8221;.vc_custom_1519892836223{margin-top: 50px !important;}&#8221;][vc_column]<div class=\"mgt-header-block clearfix text-center text-black wpb_content_element  mgt-header-block-style-1 mgt-header-texttransform-header \"><h2 class=\"mgt-header-block-title\">Preh\u013ead zrealizovan\u00fdch projektov a na\u0161ej techniky<\/h2><p class=\"mgt-header-block-subtitle\">Spr\u00e1vna vo\u013eba pre v\u00e1\u0161 projekt<\/p><div class=\"mgt-header-line\"><\/div><\/div>[vc_empty_space height=&#8221;50px&#8221;][\/vc_column][\/vc_row][vc_row full_width=&#8221;stretch_row_content_no_spaces&#8221; css=&#8221;.vc_custom_1439741306375{margin-top: 0px !important;}&#8221;][vc_column width=&#8221;1\/2&#8243;]<style scoped='scoped'>.mgt-promo-block-44505554587.mgt-promo-block.darken .mgt-promo-block-content {background-color: rgba(55,103,158,0.61)!important;}.mgt-promo-block-44505554587.mgt-promo-block.animated:hover .mgt-promo-block-content {background-color: rgba(0,0,0,0.5)!important;}<\/style><div class=\"mgt-promo-block animated white-text cover-image text-size-normal darken mgt-promo-block-44505554587 wpb_content_element\" data-style=\"background-image: url(https:\/\/www.zemnepracebdm.sk\/sk\/wp-content\/uploads\/2018\/02\/sluzby.jpg);background-repeat: no-repeat;width: 100%; height: 500px;\"><div class=\"mgt-promo-block-content\"><div class=\"mgt-promo-block-content-inside\">\n<h1 style=\"text-align: center\">PROJEKTY<\/h1>\n<div class=\"mgt-button-wrapper mgt-button-wrapper-align-center mgt-button-wrapper-display-newline mgt-button-top-margin-enable\"><a class=\"btn hvr-default mgt-button mgt-style-solid mgt-size-normal mgt-align-center mgt-display-newline mgt-text-size-normal mgt-button-icon-position-left mgt-text-transform-uppercase \" href=\"\">\u010c\u00edta\u0165 viac...<\/a><\/div><\/div><\/div><\/div>[\/vc_column][vc_column width=&#8221;1\/2&#8243;]<style scoped='scoped'>.mgt-promo-block-45332258828.mgt-promo-block.darken .mgt-promo-block-content {background-color: rgba(186,90,39,0.61)!important;}.mgt-promo-block-45332258828.mgt-promo-block.animated:hover .mgt-promo-block-content {background-color: rgba(0,0,0,0.5)!important;}<\/style><div class=\"mgt-promo-block animated white-text cover-image text-size-normal darken mgt-promo-block-45332258828 wpb_content_element\" data-style=\"background-image: url(https:\/\/www.zemnepracebdm.sk\/sk\/wp-content\/uploads\/2018\/03\/pozadie2.jpg);background-repeat: no-repeat;width: 100%; height: 500px;\"><div class=\"mgt-promo-block-content\"><div class=\"mgt-promo-block-content-inside\">\n<h1 style=\"text-align: center\">TECHNIKA<\/h1>\n<div class=\"mgt-button-wrapper mgt-button-wrapper-align-center mgt-button-wrapper-display-newline mgt-button-top-margin-enable\"><a class=\"btn hvr-default mgt-button mgt-style-solid mgt-size-normal mgt-align-center mgt-display-newline mgt-text-size-normal mgt-button-icon-position-left mgt-text-transform-uppercase \" href=\"\">Viac<\/a><\/div><\/div><\/div><\/div>[\/vc_column][\/vc_row][vc_row full_width=&#8221;stretch_row&#8221; gap=&#8221;20&#8243; css=&#8221;.vc_custom_1523869904251{padding-top: 50px !important;padding-bottom: 10px !important;}&#8221;][vc_column width=&#8221;1\/4&#8243;]<div class=\"mgt-counter-wrapper wpb_content_element text-black text-left\"><div class=\"mgt-counter-icon\"><i class=\"fa fa-briefcase\"><\/i>\n<\/div><span class=\"mgt-counter-value\" data-from=\"0\" data-to=\"235\" data-speed=\"2000\" data-decimals=\"0\">235<\/span><h5 class=\"mgt-counter-title\">PROJEKTOV<\/h5><\/div>[\/vc_column][vc_column width=&#8221;1\/4&#8243;]<div class=\"mgt-counter-wrapper wpb_content_element text-black text-left\"><div class=\"mgt-counter-icon\"><i class=\"fa fa-users\"><\/i>\n<\/div><span class=\"mgt-counter-value\" data-from=\"0\" data-to=\"932\" data-speed=\"2000\" data-decimals=\"0\">932<\/span><h5 class=\"mgt-counter-title\">V\u00ddKOPOV<\/h5><\/div>[\/vc_column][vc_column width=&#8221;1\/4&#8243;]<div class=\"mgt-counter-wrapper wpb_content_element text-black text-left\"><div class=\"mgt-counter-icon\"><i class=\"fa fa-graduation-cap\"><\/i>\n<\/div><span class=\"mgt-counter-value\" data-from=\"0\" data-to=\"325\" data-speed=\"2000\" data-decimals=\"0\">325<\/span><h5 class=\"mgt-counter-title\">B\u00daRAN\u00cd<\/h5><\/div>[\/vc_column][vc_column width=&#8221;1\/4&#8243;]<div class=\"mgt-counter-wrapper wpb_content_element text-black text-left\"><div class=\"mgt-counter-icon\"><i class=\"fa fa-truck\"><\/i>\n<\/div><span class=\"mgt-counter-value\" data-from=\"0\" data-to=\"4321\" data-speed=\"2000\" data-decimals=\"0\">4321<\/span><h5 class=\"mgt-counter-title\">TECHNIKA<\/h5><\/div>[\/vc_column][\/vc_row]<\/p>\n","protected":false},"excerpt":{"rendered":"<p>[vc_row css=&#8221;.vc_custom_1465986795347{margin-top: -40px !important;}&#8221;][vc_column][rev_slider_vc alias=&#8221;uvodna-stranka&#8221;][\/vc_column][\/vc_row][vc_row css=&#8221;.vc_custom_1465991303714{margin-top: 30px !important;}&#8221;][vc_column][\/vc_column][\/vc_row][vc_row css=&#8221;.vc_custom_1464093122490{margin-bottom: 30px !important;}&#8221;][vc_column width=&#8221;1\/6&#8243;][\/vc_column][vc_column width=&#8221;2\/3&#8243;][vc_column_text] Spolo\u010dnos\u0165 BDM Zemn\u00e9 pr\u00e1ce s.r.o je na trhu u\u017e od roku 2007. Na\u0161e dlhoro\u010dn\u00e9 sk\u00fasenosti v oblasti&#8230;<\/p>\n","protected":false},"author":2,"featured_media":0,"parent":0,"menu_order":0,"comment_status":"closed","ping_status":"closed","template":"","meta":[],"_links":{"self":[{"href":"https:\/\/www.zemnepracebdm.sk\/sk\/wp-json\/wp\/v2\/pages\/3229"}],"collection":[{"href":"https:\/\/www.zemnepracebdm.sk\/sk\/wp-json\/wp\/v2\/pages"}],"about":[{"href":"https:\/\/www.zemnepracebdm.sk\/sk\/wp-json\/wp\/v2\/types\/page"}],"author":[{"embeddable":true,"href":"https:\/\/www.zemnepracebdm.sk\/sk\/wp-json\/wp\/v2\/users\/2"}],"replies":[{"embeddable":true,"href":"https:\/\/www.zemnepracebdm.sk\/sk\/wp-json\/wp\/v2\/comments?post=3229"}],"version-history":[{"count":96,"href":"https:\/\/www.zemnepracebdm.sk\/sk\/wp-json\/wp\/v2\/pages\/3229\/revisions"}],"predecessor-version":[{"id":3776,"href":"https:\/\/www.zemnepracebdm.sk\/sk\/wp-json\/wp\/v2\/pages\/3229\/revisions\/3776"}],"wp:attachment":[{"href":"https:\/\/www.zemnepracebdm.sk\/sk\/wp-json\/wp\/v2\/media?parent=3229"}],"curies":[{"name":"wp","href":"https:\/\/api.w.org\/{rel}","templated":true}]}}