{"id":3297,"date":"2018-02-27T10:23:41","date_gmt":"2018-02-27T09:23:41","guid":{"rendered":"http:\/\/www.zemnepracebdm.sk\/sk\/?page_id=3297"},"modified":"2019-04-21T07:36:16","modified_gmt":"2019-04-21T05:36:16","slug":"nase-sluzby","status":"publish","type":"page","link":"https:\/\/www.zemnepracebdm.sk\/sk\/nase-sluzby\/","title":{"rendered":"Na\u0161e slu\u017eby"},"content":{"rendered":"<p>[vc_row full_width=&#8221;stretch_row_content_no_spaces&#8221; css=&#8221;.vc_custom_1519890781059{background-position: center !important;background-repeat: no-repeat !important;background-size: cover !important;}&#8221;][vc_column]<style scoped='scoped'>.mgt-promo-block-77359319264.mgt-promo-block.animated:hover .mgt-promo-block-content {background-color: rgba(28,33,38,0.48)!important;}<\/style><div class=\"mgt-promo-block animated white-text cover-image text-size-normal darken mgt-promo-block-77359319264 wpb_content_element wpb_animate_when_almost_visible wpb_top-to-bottom\" data-style=\"background-image: url(https:\/\/www.zemnepracebdm.sk\/sk\/wp-content\/uploads\/2018\/02\/sluzby.jpg);background-repeat: no-repeat;width: 100%; height: 350px;\"><div class=\"mgt-promo-block-content\"><div class=\"mgt-promo-block-content-inside vc_custom_1519917069399\">\n<h1 style=\"text-align: center\">V\u00ddKOPOV\u00c9, ZEMN\u00c9 A B\u00daRACIE PR\u00c1CE &#8211; volajte +421 911 630 352<\/h1>\n<h3 style=\"text-align: center\"><span style=\"color: #b8b8b8\"><br \/>\nKontaktujte n\u00e1s a my sa o v\u0161etko postar\u00e1me.<\/span><\/h3>\n<div class=\"mgt-button-wrapper mgt-button-wrapper-align-center mgt-button-wrapper-display-newline mgt-button-top-margin-enable\"><a class=\"btn hvr-bounce-to-right mgt-button mgt-style-solid mgt-size-normal mgt-align-center mgt-display-newline mgt-text-size-normal mgt-button-icon-position-left mgt-text-transform-uppercase \" href=\"http:\/\/www.zemnepracebdm.sk\/sk\/kontakt\/\">kontaktova\u0165<\/a><\/div><\/div><\/div><\/div>[\/vc_column][\/vc_row][vc_row css=&#8221;.vc_custom_1519890463133{margin-top: 20px !important;}&#8221;][vc_column]<div class=\"mgt-header-block clearfix text-left text-black wpb_animate_when_almost_visible wpb_top-to-bottom wpb_content_element  mgt-header-block-style-1 mgt-header-texttransform-both \"><h2 class=\"mgt-header-block-title\">Zrealizujeme Va\u0161e pl\u00e1ny a z\u00e1mery<\/h2><p class=\"mgt-header-block-subtitle\">Na\u0161e slu\u017eby<\/p><div class=\"mgt-header-line\"><\/div><\/div>[\/vc_column][\/vc_row][vc_row][vc_column width=&#8221;1\/3&#8243;]<style scoped='scoped'>.mgt-promo-block-423153322164.mgt-promo-block.darken .mgt-promo-block-content {background-color: rgba(10,10,10,0.3)!important;}.mgt-promo-block-423153322164.mgt-promo-block.animated:hover .mgt-promo-block-content {background-color: rgba(0,0,0,0.5)!important;}<\/style><div class=\"mgt-promo-block animated white-text cover-image text-size-normal darken mgt-promo-block-423153322164 wpb_content_element wpb_animate_when_almost_visible wpb_top-to-bottom\" data-style=\"background-image: url(https:\/\/www.zemnepracebdm.sk\/sk\/wp-content\/uploads\/2018\/03\/kjpg.jpg);background-repeat: no-repeat;width: 100%; height: 270px;\"><div class=\"mgt-promo-block-content va-bottom\"><div class=\"mgt-promo-block-content-inside vc_custom_1521448103723\"><i class=\"fa fa-2 fa-angle-double-down\"><!-- Icon --><\/i>\n<h3 style=\"text-align: left\">V\u00ddKOPOV\u00c9 PR\u00c1CE<\/h3>\n<div class=\"mgt-button-wrapper mgt-button-wrapper-align-left mgt-button-wrapper-display-newline mgt-button-top-margin-disable\"><a class=\"btn hvr-icon-wobble-horizontal mgt-button mgt-style-textwhite mgt-size-normal mgt-align-left mgt-display-newline mgt-text-size-small mgt-button-icon-position-right mgt-text-transform-uppercase \" href=\"http:\/\/www.zemnepracebdm.sk\/sk\/vykopove-prace\/\">zisti\u0165 viac<i class=\"fa fa-arrow-right\"><\/i><\/a><\/div><\/div><\/div><\/div>[\/vc_column][vc_column width=&#8221;1\/3&#8243;]<style scoped='scoped'>.mgt-promo-block-23311638664.mgt-promo-block.darken .mgt-promo-block-content {background-color: rgba(10,10,10,0.38)!important;}.mgt-promo-block-23311638664.mgt-promo-block.animated:hover .mgt-promo-block-content {background-color: rgba(0,0,0,0.5)!important;}<\/style><div class=\"mgt-promo-block animated white-text cover-image text-size-normal darken mgt-promo-block-23311638664 wpb_content_element wpb_animate_when_almost_visible wpb_top-to-bottom\" data-style=\"background-image: url(https:\/\/www.zemnepracebdm.sk\/sk\/wp-content\/uploads\/2018\/03\/gehl_.jpg);background-repeat: no-repeat;width: 100%; height: 270px;\"><div class=\"mgt-promo-block-content va-bottom\"><div class=\"mgt-promo-block-content-inside vc_custom_1521447952397\"><i class=\"fa fa-2 fa-angle-double-down\"><!-- Icon --><\/i>\n<h3>ZEMN\u00c9 PR\u00c1CE<\/h3>\n<div class=\"mgt-button-wrapper mgt-button-wrapper-align-left mgt-button-wrapper-display-newline mgt-button-top-margin-disable\"><a class=\"btn hvr-icon-wobble-horizontal mgt-button mgt-style-textwhite mgt-size-normal mgt-align-left mgt-display-newline mgt-text-size-small mgt-button-icon-position-right mgt-text-transform-uppercase \" href=\"http:\/\/www.zemnepracebdm.sk\/sk\/zemne-prace\/\">zisti\u0165 viac<i class=\"fa fa-arrow-right\"><\/i><\/a><\/div><\/div><\/div><\/div>[\/vc_column][vc_column width=&#8221;1\/3&#8243;]<style scoped='scoped'>.mgt-promo-block-17315338312.mgt-promo-block.darken .mgt-promo-block-content {background-color: rgba(10,10,10,0.38)!important;}.mgt-promo-block-17315338312.mgt-promo-block.animated:hover .mgt-promo-block-content {background-color: rgba(0,0,0,0.5)!important;}<\/style><div class=\"mgt-promo-block animated white-text cover-image text-size-normal darken mgt-promo-block-17315338312 wpb_content_element wpb_animate_when_almost_visible wpb_top-to-bottom\" data-style=\"background-image: url(https:\/\/www.zemnepracebdm.sk\/sk\/wp-content\/uploads\/2018\/02\/tb_1140.jpg);background-repeat: no-repeat;width: 100%; height: 270px;\"><div class=\"mgt-promo-block-content va-bottom\"><div class=\"mgt-promo-block-content-inside vc_custom_1519917148987\"><i class=\"fa fa-2 fa-angle-double-down\"><!-- Icon --><\/i>\n<h3>B\u00daRACIE PR\u00c1CE<\/h3>\n<div class=\"mgt-button-wrapper mgt-button-wrapper-align-left mgt-button-wrapper-display-newline mgt-button-top-margin-disable\"><a class=\"btn hvr-icon-wobble-horizontal mgt-button mgt-style-textwhite mgt-size-normal mgt-align-left mgt-display-newline mgt-text-size-small mgt-button-icon-position-right mgt-text-transform-uppercase \" href=\"http:\/\/www.zemnepracebdm.sk\/sk\/buracie-prace\/\">zisti\u0165 viac<i class=\"fa fa-arrow-right\"><\/i><\/a><\/div><\/div><\/div><\/div>[\/vc_column][\/vc_row][vc_row][vc_column][vc_empty_space height=&#8221;50px&#8221;][\/vc_column][\/vc_row][vc_row][vc_column width=&#8221;1\/3&#8243;]<style scoped='scoped'>.mgt-promo-block-423153322164.mgt-promo-block.darken .mgt-promo-block-content {background-color: rgba(10,10,10,0.3)!important;}.mgt-promo-block-423153322164.mgt-promo-block.animated:hover .mgt-promo-block-content {background-color: rgba(0,0,0,0.5)!important;}<\/style><div class=\"mgt-promo-block animated white-text cover-image text-size-normal darken mgt-promo-block-423153322164 wpb_content_element wpb_animate_when_almost_visible wpb_top-to-bottom\" data-style=\"background-image: url(https:\/\/www.zemnepracebdm.sk\/sk\/wp-content\/uploads\/2018\/03\/auto.png);background-repeat: no-repeat;width: 100%; height: 270px;\"><div class=\"mgt-promo-block-content va-bottom\"><div class=\"mgt-promo-block-content-inside vc_custom_1521447980900\"><i class=\"fa fa-2 fa-angle-double-down\"><!-- Icon --><\/i>\n<h3 style=\"text-align: left\">ODVOZ STAVEBN\u00c9HO MATERI\u00c1LU<\/h3>\n<div class=\"mgt-button-wrapper mgt-button-wrapper-align-left mgt-button-wrapper-display-newline mgt-button-top-margin-disable\"><a class=\"btn hvr-icon-wobble-horizontal mgt-button mgt-style-textwhite mgt-size-normal mgt-align-left mgt-display-newline mgt-text-size-small mgt-button-icon-position-right mgt-text-transform-uppercase \" href=\"http:\/\/www.zemnepracebdm.sk\/sk\/dovoz-a-odvoz-sypkeho-materialu\/\">zisti\u0165 viac<i class=\"fa fa-arrow-right\"><\/i><\/a><\/div><\/div><\/div><\/div>[\/vc_column][vc_column width=&#8221;1\/3&#8243;]<style scoped='scoped'>.mgt-promo-block-23311638664.mgt-promo-block.darken .mgt-promo-block-content {background-color: rgba(10,10,10,0.38)!important;}.mgt-promo-block-23311638664.mgt-promo-block.animated:hover .mgt-promo-block-content {background-color: rgba(0,0,0,0.5)!important;}<\/style><div class=\"mgt-promo-block animated white-text cover-image text-size-normal darken mgt-promo-block-23311638664 wpb_content_element wpb_animate_when_almost_visible wpb_top-to-bottom\" data-style=\"background-image: url(https:\/\/www.zemnepracebdm.sk\/sk\/wp-content\/uploads\/2018\/02\/material.jpg);background-repeat: no-repeat;width: 100%; height: 270px;\"><div class=\"mgt-promo-block-content va-bottom\"><div class=\"mgt-promo-block-content-inside vc_custom_1519917197971\"><i class=\"fa fa-2 fa-angle-double-down\"><!-- Icon --><\/i>\n<h3>DOPRAVA SYPK\u00c9HO MATERI\u00c1LU<\/h3>\n<div class=\"mgt-button-wrapper mgt-button-wrapper-align-left mgt-button-wrapper-display-newline mgt-button-top-margin-disable\"><a class=\"btn hvr-icon-wobble-horizontal mgt-button mgt-style-textwhite mgt-size-normal mgt-align-left mgt-display-newline mgt-text-size-small mgt-button-icon-position-right mgt-text-transform-uppercase \" href=\"http:\/\/www.zemnepracebdm.sk\/sk\/dovoz-a-odvoz-sypkeho-materialu\/\">zisti\u0165 viac<i class=\"fa fa-arrow-right\"><\/i><\/a><\/div><\/div><\/div><\/div>[\/vc_column][vc_column width=&#8221;1\/3&#8243;]<style scoped='scoped'>.mgt-promo-block-17315338312.mgt-promo-block.darken .mgt-promo-block-content {background-color: rgba(10,10,10,0.38)!important;}.mgt-promo-block-17315338312.mgt-promo-block.animated:hover .mgt-promo-block-content {background-color: rgba(0,0,0,0.5)!important;}<\/style><div class=\"mgt-promo-block animated white-text cover-image text-size-normal darken mgt-promo-block-17315338312 wpb_content_element wpb_animate_when_almost_visible wpb_top-to-bottom\" data-style=\"background-image: url(https:\/\/www.zemnepracebdm.sk\/sk\/wp-content\/uploads\/2018\/02\/orez.jpg);background-repeat: no-repeat;width: 100%; height: 270px;\"><div class=\"mgt-promo-block-content va-bottom\"><div class=\"mgt-promo-block-content-inside vc_custom_1519917213763\"><i class=\"fa fa-2 fa-angle-double-down\"><!-- Icon --><\/i>\n<h3>\u0160PECI\u00c1LNE \u010cINNOSTI<br \/>\nOREZ STROMOV&#8230;<\/h3>\n<div class=\"mgt-button-wrapper mgt-button-wrapper-align-left mgt-button-wrapper-display-newline mgt-button-top-margin-disable\"><a class=\"btn hvr-icon-wobble-horizontal mgt-button mgt-style-textwhite mgt-size-normal mgt-align-left mgt-display-newline mgt-text-size-small mgt-button-icon-position-right mgt-text-transform-uppercase \" href=\"http:\/\/www.zemnepracebdm.sk\/sk\/specialna-cinnost\/\">zisti\u0165 viac<i class=\"fa fa-arrow-right\"><\/i><\/a><\/div><\/div><\/div><\/div>[\/vc_column][\/vc_row][vc_row row_fullwidth=&#8221;1&#8243; row_fullwidth_bg=&#8221;0&#8243; row_parallax_bg=&#8221;0&#8243; css=&#8221;.vc_custom_1519890430495{margin-top: 30px !important;margin-bottom: 0px !important;}&#8221;][vc_column]<div class=\"mgt-header-block clearfix text-center text-black wpb_content_element  mgt-header-block-style-1 mgt-header-texttransform-header \"><h2 class=\"mgt-header-block-title\">TECHNIKA KTOR\u00da POU\u017d\u00cdVAME<\/h2><p class=\"mgt-header-block-subtitle\">Minib\u00e1ger, \u0161mykov\u00fd naklada\u010d, pojazdn\u00fd kontajner, hydraulick\u00e9 kladivo, demola\u010dn\u00e9 klie\u0161te...<\/p><div class=\"mgt-header-line\"><\/div><\/div><style scoped='scoped'>.mgt-promo-block-26284140423.mgt-promo-block.darken .mgt-promo-block-content {background-color: rgba(0,0,0,0.3)!important;}<\/style><div class=\"mgt-promo-block parallax white-text text-size-large darken mgt-promo-block-26284140423 wpb_content_element\" data-style=\"background-image: url(https:\/\/www.zemnepracebdm.sk\/sk\/wp-content\/uploads\/2018\/03\/strojt.jpg);background-repeat: no-repeat;width: 100%; height: 370px;\"><div class=\"mgt-promo-block-content\"><div class=\"mgt-promo-block-content-inside\">\n<h5 class=\"mgt-cta-block-header\" style=\"text-align: center\">Technick\u00e9 parametre<\/h5>\n<h2 class=\"mgt-cta-block-content\" style=\"text-align: center\">Viac o technike ktor\u00fa pou\u017e\u00edvame<\/h2>\n<div class=\"mgt-button-wrapper mgt-button-wrapper-align-center mgt-button-wrapper-display-newline mgt-button-top-margin-enable\"><a class=\"btn hvr-default mgt-button mgt-style-solid mgt-size-large mgt-align-center mgt-display-newline mgt-text-size-normal mgt-button-icon-position-left mgt-text-transform-uppercase \" href=\"\">VST\u00daPTE!<\/a><\/div><\/div><\/div><\/div>[\/vc_column][\/vc_row][vc_row css=&#8221;.vc_custom_1519918452710{margin-bottom: 100px !important;background-image: url(http:\/\/www.zemnepracebdm.sk\/sk\/wp-content\/uploads\/2018\/02\/pozadie1.jpg?id=3395) !important;}&#8221;][vc_column]<div class=\"mgt-promo-block white-text text-size-normal no-darken mgt-promo-block-13051805496 wpb_content_element\" data-style=\"width: 100%; height: 400px;\"><div class=\"mgt-promo-block-content\"><div class=\"mgt-promo-block-content-inside\">\n<h1 style=\"text-align: center\">Zrealizovali sme ve\u013ek\u00e9 mno\u017estvo mal\u00fdch i ve\u013ek\u00fdch projektov<\/h1>\n<h3 style=\"text-align: center\"><span style=\"color: #999999\">Sme pre v\u00e1s spr\u00e1vna vo\u013eba<\/span><\/h3>\n<div class=\"mgt-button-wrapper mgt-button-wrapper-align-center mgt-button-wrapper-display-newline mgt-button-top-margin-enable\"><a class=\"btn hvr-push mgt-button mgt-style-borderedwhite mgt-size-normal mgt-align-center mgt-display-newline mgt-text-size-normal mgt-button-icon-position-left mgt-text-transform-uppercase \" href=\"https:\/\/www.zemnepracebdm.sk\/sk\/kontakt\/\">Kontaktova\u0165<\/a><\/div><\/div><\/div><\/div>[vc_row_inner][vc_column_inner width=&#8221;1\/2&#8243;]<style scoped='scoped'>.mgt-promo-block-47315338664.mgt-promo-block.darken .mgt-promo-block-content {background-color: rgba(10,10,10,0.38)!important;}.mgt-promo-block-47315338664.mgt-promo-block.animated:hover .mgt-promo-block-content {background-color: rgba(0,0,0,0.5)!important;}<\/style><div class=\"mgt-promo-block animated white-text cover-image text-size-normal darken mgt-promo-block-47315338664 wpb_content_element wpb_animate_when_almost_visible wpb_right-to-left\" data-style=\"background-image: url(https:\/\/www.zemnepracebdm.sk\/sk\/wp-content\/uploads\/2018\/02\/sluzby.jpg);background-repeat: no-repeat;width: 100%; height: 240px;\"><div class=\"mgt-promo-block-content va-bottom\"><div class=\"mgt-promo-block-content-inside vc_custom_1519986565652\">\n<h3>PORADENSTVO<\/h3>\n<div class=\"mgt-button-wrapper mgt-button-wrapper-align-left mgt-button-wrapper-display-newline mgt-button-top-margin-disable\"><a class=\"btn hvr-icon-wobble-horizontal mgt-button mgt-style-textwhite mgt-size-normal mgt-align-left mgt-display-newline mgt-text-size-small mgt-button-icon-position-right mgt-text-transform-uppercase \" href=\"\">kontaktova\u0165<i class=\"fa fa-arrow-right\"><\/i><\/a><\/div><\/div><\/div><\/div>[vc_empty_space][vc_column_text]<\/p>\n<h3>Poskytujeme z\u00e1kazn\u00edkom kvalitn\u00e9 a spo\u013eahliv\u00e9 slu\u017eby za prijate\u013en\u00e9 ceny. Radi V\u00e1m porad\u00edme s realiz\u00e1ciou.<\/h3>\n<p>[\/vc_column_text][\/vc_column_inner][vc_column_inner width=&#8221;1\/2&#8243;]<style scoped='scoped'>.mgt-promo-block-47315338664.mgt-promo-block.darken .mgt-promo-block-content {background-color: rgba(10,10,10,0.38)!important;}.mgt-promo-block-47315338664.mgt-promo-block.animated:hover .mgt-promo-block-content {background-color: rgba(0,0,0,0.5)!important;}<\/style><div class=\"mgt-promo-block animated white-text cover-image text-size-normal darken mgt-promo-block-47315338664 wpb_content_element wpb_animate_when_almost_visible wpb_right-to-left\" data-style=\"background-image: url(https:\/\/www.zemnepracebdm.sk\/sk\/wp-content\/uploads\/2018\/02\/kde_sme.jpg);background-repeat: no-repeat;width: 100%; height: 240px;\"><div class=\"mgt-promo-block-content va-bottom\"><div class=\"mgt-promo-block-content-inside vc_custom_1519986603752\">\n<h3>LOKALITA POSOBENIA<\/h3>\n<div class=\"mgt-button-wrapper mgt-button-wrapper-align-left mgt-button-wrapper-display-newline mgt-button-top-margin-disable\"><a class=\"btn hvr-icon-wobble-horizontal mgt-button mgt-style-textwhite mgt-size-normal mgt-align-left mgt-display-newline mgt-text-size-small mgt-button-icon-position-right mgt-text-transform-uppercase \" href=\"\">pozrie\u0165 mapu<i class=\"fa fa-arrow-right\"><\/i><\/a><\/div><\/div><\/div><\/div>[vc_empty_space][vc_column_text]<\/p>\n<h3>Va\u0161e pl\u00e1ny a z\u00e1mery zrealizujeme v okresoch Pezinok a Trnava. Te\u0161\u00edme sa na spolupr\u00e1cu.<\/h3>\n<p>[\/vc_column_text][\/vc_column_inner][\/vc_row_inner][\/vc_column][\/vc_row]<\/p>\n","protected":false},"excerpt":{"rendered":"<p>[vc_row full_width=&#8221;stretch_row_content_no_spaces&#8221; css=&#8221;.vc_custom_1519890781059{background-position: center !important;background-repeat: no-repeat !important;background-size: cover !important;}&#8221;][vc_column][\/vc_column][\/vc_row][vc_row css=&#8221;.vc_custom_1519890463133{margin-top: 20px !important;}&#8221;][vc_column][\/vc_column][\/vc_row][vc_row][vc_column width=&#8221;1\/3&#8243;][\/vc_column][vc_column width=&#8221;1\/3&#8243;][\/vc_column][vc_column width=&#8221;1\/3&#8243;][\/vc_column][\/vc_row][vc_row][vc_column][vc_empty_space height=&#8221;50px&#8221;][\/vc_column][\/vc_row][vc_row][vc_column width=&#8221;1\/3&#8243;][\/vc_column][vc_column width=&#8221;1\/3&#8243;][\/vc_column][vc_column width=&#8221;1\/3&#8243;][\/vc_column][\/vc_row][vc_row row_fullwidth=&#8221;1&#8243; row_fullwidth_bg=&#8221;0&#8243; row_parallax_bg=&#8221;0&#8243; css=&#8221;.vc_custom_1519890430495{margin-top: 30px !important;margin-bottom: 0px !important;}&#8221;][vc_column][\/vc_column][\/vc_row][vc_row css=&#8221;.vc_custom_1519918452710{margin-bottom: 100px !important;background-image:&#8230;<\/p>\n","protected":false},"author":2,"featured_media":0,"parent":0,"menu_order":0,"comment_status":"closed","ping_status":"closed","template":"","meta":[],"_links":{"self":[{"href":"https:\/\/www.zemnepracebdm.sk\/sk\/wp-json\/wp\/v2\/pages\/3297"}],"collection":[{"href":"https:\/\/www.zemnepracebdm.sk\/sk\/wp-json\/wp\/v2\/pages"}],"about":[{"href":"https:\/\/www.zemnepracebdm.sk\/sk\/wp-json\/wp\/v2\/types\/page"}],"author":[{"embeddable":true,"href":"https:\/\/www.zemnepracebdm.sk\/sk\/wp-json\/wp\/v2\/users\/2"}],"replies":[{"embeddable":true,"href":"https:\/\/www.zemnepracebdm.sk\/sk\/wp-json\/wp\/v2\/comments?post=3297"}],"version-history":[{"count":42,"href":"https:\/\/www.zemnepracebdm.sk\/sk\/wp-json\/wp\/v2\/pages\/3297\/revisions"}],"predecessor-version":[{"id":3779,"href":"https:\/\/www.zemnepracebdm.sk\/sk\/wp-json\/wp\/v2\/pages\/3297\/revisions\/3779"}],"wp:attachment":[{"href":"https:\/\/www.zemnepracebdm.sk\/sk\/wp-json\/wp\/v2\/media?parent=3297"}],"curies":[{"name":"wp","href":"https:\/\/api.w.org\/{rel}","templated":true}]}}