{"id":3365,"date":"2018-02-28T09:05:03","date_gmt":"2018-02-28T08:05:03","guid":{"rendered":"http:\/\/www.zemnepracebdm.sk\/sk\/?page_id=3365"},"modified":"2018-04-10T10:20:54","modified_gmt":"2018-04-10T08:20:54","slug":"vykopove-prace","status":"publish","type":"page","link":"https:\/\/www.zemnepracebdm.sk\/sk\/vykopove-prace\/","title":{"rendered":"V\u00fdkopov\u00e9 pr\u00e1ce"},"content":{"rendered":"<p>[vc_row full_width=&#8221;stretch_row_content_no_spaces&#8221; css=&#8221;.vc_custom_1519813478838{background-image: url(http:\/\/www.zemnepracebdm.sk\/sk\/wp-content\/uploads\/2018\/02\/pozadie2r.jpg?id=3411) !important;}&#8221;][vc_column][vc_empty_space height=&#8221;60px&#8221;][vc_row_inner][vc_column_inner]<div class=\"mgt-header-block clearfix text-center text-black wpb_content_element  mgt-header-block-style-2 mgt-header-texttransform-subheader \"><p class=\"mgt-header-block-subtitle\">Z\u00e1klady pre dom, gar\u00e1\u017e, plot ...<\/p><h1 class=\"mgt-header-block-title\">Potrebujete vykopa\u0165 z\u00e1klady rodinn\u00e9ho domu, gar\u00e1\u017ee alebo plotu?<\/h1><\/div>[\/vc_column_inner][\/vc_row_inner][vc_row_inner][vc_column_inner width=&#8221;1\/6&#8243;][\/vc_column_inner][vc_column_inner width=&#8221;2\/3&#8243;][vc_column_text]<\/p>\n<h3 style=\"text-align: center;\">Zrealizujeme v\u00fdkopy pre z\u00e1klady rodinn\u00fdch domov,\u00a0 in\u017einierske siete, pivnice, studne, jazierka, baz\u00e9ny, \u0161achty, \u010disti\u010dky, septiky &#8230; N\u00e1\u0161 minib\u00e1ger sa dostane aj na tie najnedostupnej\u0161ie miesta.<\/h3>\n<p>[\/vc_column_text][\/vc_column_inner][vc_column_inner width=&#8221;1\/6&#8243;][\/vc_column_inner][\/vc_row_inner][vc_row_inner][vc_column_inner width=&#8221;1\/6&#8243;]<div class=\"mgt-icon-box wpb_content_element wpb_animate_when_almost_visible wpb_top-to-bottom mgt-icon-box-centered mgt-icon-fa mgt-icon-background mgt-icon-background-invert text-black \"><div class=\"mgt-icon-box-icon hvr-icon-push\"><div class=\"mgt-font-icon\"><i class=\"fa fa-hospital-o\"><\/i><\/div><\/div><div class=\"mgt-icon-box-content\"><h5>Z\u00c1KLADY <\/h5><\/div><div class=\"clearfix\"><\/div><\/div>[\/vc_column_inner][vc_column_inner width=&#8221;1\/6&#8243;]<div class=\"mgt-icon-box wpb_content_element wpb_animate_when_almost_visible wpb_top-to-bottom mgt-icon-box-centered mgt-icon-fa mgt-icon-background mgt-icon-background-invert text-black \"><div class=\"mgt-icon-box-icon hvr-icon-push\"><div class=\"mgt-font-icon\"><i class=\"fa fa-hospital-o\"><\/i><\/div><\/div><div class=\"mgt-icon-box-content\"><h5>PLOTY<\/h5><\/div><div class=\"clearfix\"><\/div><\/div>[\/vc_column_inner][vc_column_inner width=&#8221;1\/6&#8243;]<div class=\"mgt-icon-box wpb_content_element wpb_animate_when_almost_visible wpb_top-to-bottom mgt-icon-box-centered mgt-icon-fa mgt-icon-background mgt-icon-background-invert text-black \"><div class=\"mgt-icon-box-icon hvr-icon-push\"><div class=\"mgt-font-icon\"><i class=\"fa fa-briefcase\"><\/i><\/div><\/div><div class=\"mgt-icon-box-content\"><h5>GAR\u00c1\u017dE<\/h5><\/div><div class=\"clearfix\"><\/div><\/div>[\/vc_column_inner][vc_column_inner width=&#8221;1\/6&#8243;]<div class=\"mgt-icon-box wpb_content_element wpb_animate_when_almost_visible wpb_top-to-bottom mgt-icon-box-centered mgt-icon-fa mgt-icon-background mgt-icon-background-invert text-black \"><div class=\"mgt-icon-box-icon hvr-icon-push\"><div class=\"mgt-font-icon\"><i class=\"fa fa-briefcase\"><\/i><\/div><\/div><div class=\"mgt-icon-box-content\"><h5>JAZIERKA<\/h5><\/div><div class=\"clearfix\"><\/div><\/div>[\/vc_column_inner][vc_column_inner width=&#8221;1\/6&#8243;]<div class=\"mgt-icon-box wpb_content_element wpb_animate_when_almost_visible wpb_top-to-bottom mgt-icon-box-centered mgt-icon-fa mgt-icon-background mgt-icon-background-invert text-black \"><div class=\"mgt-icon-box-icon hvr-icon-push\"><div class=\"mgt-font-icon\"><i class=\"fa fa-briefcase\"><\/i><\/div><\/div><div class=\"mgt-icon-box-content\"><h5>\u0160ACHTY<\/h5><\/div><div class=\"clearfix\"><\/div><\/div>[\/vc_column_inner][vc_column_inner width=&#8221;1\/6&#8243;]<div class=\"mgt-icon-box wpb_content_element wpb_animate_when_almost_visible wpb_top-to-bottom mgt-icon-box-centered mgt-icon-fa mgt-icon-background mgt-icon-background-invert text-black \"><div class=\"mgt-icon-box-icon hvr-icon-push\"><div class=\"mgt-font-icon\"><i class=\"fa fa-briefcase\"><\/i><\/div><\/div><div class=\"mgt-icon-box-content\"><h5>\u010cISTI\u010cKY<\/h5><\/div><div class=\"clearfix\"><\/div><\/div>[\/vc_column_inner][\/vc_row_inner][vc_empty_space height=&#8221;60px&#8221;][\/vc_column][\/vc_row][vc_row css=&#8221;.vc_custom_1465991303714{margin-top: 30px !important;}&#8221;][vc_column][vc_row_inner][vc_column_inner]<div class=\"mgt-header-block clearfix text-center text-black wpb_content_element  mgt-header-block-style-2 mgt-header-texttransform-both \"><h1 class=\"mgt-header-block-title\">Minib\u00e1ger Kubota KX 121-3a<\/h1><\/div>[\/vc_column_inner][\/vc_row_inner][vc_row_inner][vc_column_inner width=&#8221;1\/2&#8243; css=&#8221;.vc_custom_1519809283837{padding-top: 150px !important;}&#8221;][vc_column_text]<\/p>\n<ul>\n<li>\n<h3>hmotnos\u0165 3980 kg<\/h3>\n<\/li>\n<li>\n<h3>rypn\u00e1 sila 33,15 kN<\/h3>\n<\/li>\n<li>\n<h3>\u0161\u00edrka podvozku 1700 mm<\/h3>\n<\/li>\n<li>\n<h3>h\u013abka v\u00fdkopu 3510 mm<\/h3>\n<\/li>\n<\/ul>\n<p>[\/vc_column_text][\/vc_column_inner][vc_column_inner width=&#8221;1\/2&#8243;][vc_single_image image=&#8221;3377&#8243; img_size=&#8221;full&#8221;][\/vc_column_inner][\/vc_row_inner][\/vc_column][\/vc_row][vc_row css=&#8221;.vc_custom_1519918029141{background-position: center !important;background-repeat: no-repeat !important;background-size: cover !important;}&#8221;][vc_column]<style scoped='scoped'>.mgt-promo-block-77359319264.mgt-promo-block.animated:hover .mgt-promo-block-content {background-color: rgba(28,33,38,0.48)!important;}<\/style><div class=\"mgt-promo-block animated white-text cover-image text-size-normal darken mgt-promo-block-77359319264 wpb_content_element wpb_animate_when_almost_visible wpb_top-to-bottom\" data-style=\"background-image: url(https:\/\/www.zemnepracebdm.sk\/sk\/wp-content\/uploads\/2018\/02\/refer.jpg);background-repeat: no-repeat;width: 100%; height: 350px;\"><div class=\"mgt-promo-block-content\"><div class=\"mgt-promo-block-content-inside vc_custom_1519918850452\">\n<h1 style=\"text-align: center\">V\u00ddKOPOV\u00c9\u00a0 |\u00a0 ZEMN\u00c9\u00a0 |\u00a0 B\u00daRACIE PR\u00c1CE &#8211; volajte +421 911 630 352<\/h1>\n<h3 style=\"text-align: center\"><span style=\"color: #b8b8b8\"><br \/>\nKontaktujte n\u00e1s a my sa o v\u0161etko postar\u00e1me.<\/span><\/h3>\n<div class=\"mgt-button-wrapper mgt-button-wrapper-align-center mgt-button-wrapper-display-newline mgt-button-top-margin-enable\"><a class=\"btn hvr-bounce-to-right mgt-button mgt-style-solid mgt-size-normal mgt-align-center mgt-display-newline mgt-text-size-normal mgt-button-icon-position-left mgt-text-transform-uppercase \" href=\"http:\/\/www.zemnepracebdm.sk\/sk\/kontakt\/\">kontaktova\u0165<\/a><\/div><\/div><\/div><\/div>[vc_empty_space][\/vc_column][\/vc_row][vc_row css=&#8221;.vc_custom_1519918176682{margin-bottom: 50px !important;background-image: url(http:\/\/www.zemnepracebdm.sk\/sk\/wp-content\/uploads\/2018\/03\/pozadie.jpg?id=3519) !important;}&#8221;][vc_column]<div class=\"mgt-promo-block white-text text-size-normal no-darken mgt-promo-block-13051805496 wpb_content_element\" data-style=\"width: 100%; height: 400px;\"><div class=\"mgt-promo-block-content\"><div class=\"mgt-promo-block-content-inside vc_custom_1519918870035\">\n<h1 style=\"text-align: center\">Zrealizovali sme ve\u013ek\u00e9 mno\u017estvo mal\u00fdch i ve\u013ek\u00fdch projektov<\/h1>\n<h3 style=\"text-align: center\"><span style=\"color: #999999\">Sme pre v\u00e1s spr\u00e1vna vo\u013eba<\/span><\/h3>\n<div class=\"mgt-button-wrapper mgt-button-wrapper-align-center mgt-button-wrapper-display-newline mgt-button-top-margin-enable\"><a class=\"btn hvr-push mgt-button mgt-style-borderedwhite mgt-size-normal mgt-align-center mgt-display-newline mgt-text-size-normal mgt-button-icon-position-left mgt-text-transform-uppercase \" href=\"\">Na\u0161e referencie<\/a><\/div><\/div><\/div><\/div>[\/vc_column][\/vc_row]<\/p>\n","protected":false},"excerpt":{"rendered":"<p>[vc_row full_width=&#8221;stretch_row_content_no_spaces&#8221; css=&#8221;.vc_custom_1519813478838{background-image: url(http:\/\/www.zemnepracebdm.sk\/sk\/wp-content\/uploads\/2018\/02\/pozadie2r.jpg?id=3411) !important;}&#8221;][vc_column][vc_empty_space height=&#8221;60px&#8221;][vc_row_inner][vc_column_inner][\/vc_column_inner][\/vc_row_inner][vc_row_inner][vc_column_inner width=&#8221;1\/6&#8243;][\/vc_column_inner][vc_column_inner width=&#8221;2\/3&#8243;][vc_column_text] Zrealizujeme v\u00fdkopy pre z\u00e1klady rodinn\u00fdch domov,\u00a0 in\u017einierske siete, pivnice, studne, jazierka, baz\u00e9ny, \u0161achty, \u010disti\u010dky, septiky &#8230; N\u00e1\u0161 minib\u00e1ger sa dostane aj na&#8230;<\/p>\n","protected":false},"author":2,"featured_media":0,"parent":0,"menu_order":0,"comment_status":"closed","ping_status":"closed","template":"","meta":[],"_links":{"self":[{"href":"https:\/\/www.zemnepracebdm.sk\/sk\/wp-json\/wp\/v2\/pages\/3365"}],"collection":[{"href":"https:\/\/www.zemnepracebdm.sk\/sk\/wp-json\/wp\/v2\/pages"}],"about":[{"href":"https:\/\/www.zemnepracebdm.sk\/sk\/wp-json\/wp\/v2\/types\/page"}],"author":[{"embeddable":true,"href":"https:\/\/www.zemnepracebdm.sk\/sk\/wp-json\/wp\/v2\/users\/2"}],"replies":[{"embeddable":true,"href":"https:\/\/www.zemnepracebdm.sk\/sk\/wp-json\/wp\/v2\/comments?post=3365"}],"version-history":[{"count":34,"href":"https:\/\/www.zemnepracebdm.sk\/sk\/wp-json\/wp\/v2\/pages\/3365\/revisions"}],"predecessor-version":[{"id":3568,"href":"https:\/\/www.zemnepracebdm.sk\/sk\/wp-json\/wp\/v2\/pages\/3365\/revisions\/3568"}],"wp:attachment":[{"href":"https:\/\/www.zemnepracebdm.sk\/sk\/wp-json\/wp\/v2\/media?parent=3365"}],"curies":[{"name":"wp","href":"https:\/\/api.w.org\/{rel}","templated":true}]}}