{"id":3369,"date":"2018-02-28T09:05:33","date_gmt":"2018-02-28T08:05:33","guid":{"rendered":"http:\/\/www.zemnepracebdm.sk\/sk\/?page_id=3369"},"modified":"2018-04-10T10:20:03","modified_gmt":"2018-04-10T08:20:03","slug":"zemne-prace","status":"publish","type":"page","link":"https:\/\/www.zemnepracebdm.sk\/sk\/zemne-prace\/","title":{"rendered":"Zemn\u00e9 pr\u00e1ce"},"content":{"rendered":"<p>[vc_row full_width=&#8221;stretch_row_content_no_spaces&#8221; css=&#8221;.vc_custom_1519817482922{background-image: url(http:\/\/www.zemnepracebdm.sk\/sk\/wp-content\/uploads\/2018\/02\/pozadie3_.jpg?id=3428) !important;}&#8221;][vc_column][vc_empty_space height=&#8221;60px&#8221;][vc_row_inner][vc_column_inner]<div class=\"mgt-header-block clearfix text-center text-black wpb_content_element  mgt-header-block-style-2 mgt-header-texttransform-subheader \"><p class=\"mgt-header-block-subtitle\">Priprav\u00edme v\u00e1m podkladov\u00fa vrstvu.<\/p><h1 class=\"mgt-header-block-title\">Pl\u00e1nujete upravi\u0165 stavebn\u00fd pozemok, dvor, z\u00e1hradu, park \u010di in\u00fa plochu?<\/h1><\/div>[\/vc_column_inner][\/vc_row_inner][vc_row_inner][vc_column_inner width=&#8221;1\/6&#8243;][\/vc_column_inner][vc_column_inner width=&#8221;2\/3&#8243;][vc_column_text]<\/p>\n<h3 style=\"text-align: center;\">Chyst\u00e1te sa zalo\u017ei\u0165 tr\u00e1vnik, poklada\u0165 z\u00e1mkov\u00fa dla\u017ebu alebo upravi\u0165 stavebn\u00fd pozemok \u010di z\u00e1hradu? Rovinat\u00fd ter\u00e9n zbav\u00edme f\u00e1dnosti a svahovit\u00fd ter\u00e9n uprav\u00edme tak, aby ste ho mohli plne vyu\u017e\u00edva\u0165. Zabezpe\u010d\u00edme V\u00e1m dovoz zeminy, \u0161trkopieskov, kameniva, prebyto\u010dnej zeminy alebo in\u00e9ho sypk\u00e9ho materi\u00e1lu.<\/h3>\n<p>[\/vc_column_text][\/vc_column_inner][vc_column_inner width=&#8221;1\/6&#8243;][\/vc_column_inner][\/vc_row_inner][vc_row_inner][vc_column_inner width=&#8221;1\/6&#8243;]<div class=\"mgt-icon-box wpb_content_element wpb_animate_when_almost_visible wpb_top-to-bottom mgt-icon-box-centered mgt-icon-fa mgt-icon-background mgt-icon-background-invert text-black \"><div class=\"mgt-icon-box-icon hvr-icon-push\"><div class=\"mgt-font-icon\"><i class=\"fa fa-hospital-o\"><\/i><\/div><\/div><div class=\"mgt-icon-box-content\"><h5>POZEMOK<\/h5><\/div><div class=\"clearfix\"><\/div><\/div>[\/vc_column_inner][vc_column_inner width=&#8221;1\/6&#8243;]<div class=\"mgt-icon-box wpb_content_element wpb_animate_when_almost_visible wpb_top-to-bottom mgt-icon-box-centered mgt-icon-fa mgt-icon-background mgt-icon-background-invert text-black \"><div class=\"mgt-icon-box-icon hvr-icon-push\"><div class=\"mgt-font-icon\"><i class=\"fa fa-hospital-o\"><\/i><\/div><\/div><div class=\"mgt-icon-box-content\"><h5>Z\u00c1HRADA<\/h5><\/div><div class=\"clearfix\"><\/div><\/div>[\/vc_column_inner][vc_column_inner width=&#8221;1\/6&#8243;]<div class=\"mgt-icon-box wpb_content_element wpb_animate_when_almost_visible wpb_top-to-bottom mgt-icon-box-centered mgt-icon-fa mgt-icon-background mgt-icon-background-invert text-black \"><div class=\"mgt-icon-box-icon hvr-icon-push\"><div class=\"mgt-font-icon\"><i class=\"fa fa-briefcase\"><\/i><\/div><\/div><div class=\"mgt-icon-box-content\"><h5>DVOR<\/h5><\/div><div class=\"clearfix\"><\/div><\/div>[\/vc_column_inner][vc_column_inner width=&#8221;1\/6&#8243;]<div class=\"mgt-icon-box wpb_content_element wpb_animate_when_almost_visible wpb_top-to-bottom mgt-icon-box-centered mgt-icon-fa mgt-icon-background mgt-icon-background-invert text-black \"><div class=\"mgt-icon-box-icon hvr-icon-push\"><div class=\"mgt-font-icon\"><i class=\"fa fa-briefcase\"><\/i><\/div><\/div><div class=\"mgt-icon-box-content\"><h5>TR\u00c1VNIK<\/h5><\/div><div class=\"clearfix\"><\/div><\/div>[\/vc_column_inner][vc_column_inner width=&#8221;1\/6&#8243;]<div class=\"mgt-icon-box wpb_content_element wpb_animate_when_almost_visible wpb_top-to-bottom mgt-icon-box-centered mgt-icon-fa mgt-icon-background mgt-icon-background-invert text-black \"><div class=\"mgt-icon-box-icon hvr-icon-push\"><div class=\"mgt-font-icon\"><i class=\"fa fa-briefcase\"><\/i><\/div><\/div><div class=\"mgt-icon-box-content\"><h5>DLA\u017dBA<\/h5><\/div><div class=\"clearfix\"><\/div><\/div>[\/vc_column_inner][vc_column_inner width=&#8221;1\/6&#8243;]<div class=\"mgt-icon-box wpb_content_element wpb_animate_when_almost_visible wpb_top-to-bottom mgt-icon-box-centered mgt-icon-fa mgt-icon-background mgt-icon-background-invert text-black \"><div class=\"mgt-icon-box-icon hvr-icon-push\"><div class=\"mgt-font-icon\"><i class=\"fa fa-briefcase\"><\/i><\/div><\/div><div class=\"mgt-icon-box-content\"><h5>TER\u00c9N<\/h5><\/div><div class=\"clearfix\"><\/div><\/div>[\/vc_column_inner][\/vc_row_inner][vc_empty_space height=&#8221;60px&#8221;][\/vc_column][\/vc_row][vc_row css=&#8221;.vc_custom_1465991303714{margin-top: 30px !important;}&#8221;][vc_column][vc_row_inner][vc_column_inner]<div class=\"mgt-header-block clearfix text-center text-black wpb_content_element  mgt-header-block-style-2 mgt-header-texttransform-both \"><h1 class=\"mgt-header-block-title\">\u0160mykov\u00fd naklada\u010d Gehl 5635<\/h1><\/div>[\/vc_column_inner][\/vc_row_inner][vc_row_inner][vc_column_inner width=&#8221;1\/2&#8243; css=&#8221;.vc_custom_1519809283837{padding-top: 150px !important;}&#8221;][vc_column_text]<\/p>\n<ul>\n<li>\n<h3>hmotnos\u0165 3400 kg<\/h3>\n<\/li>\n<li>\n<h3>\u0161\u00edrka 1750 mm<\/h3>\n<\/li>\n<li>\n<h3>\u0161\u00edrka 1750 mm<\/h3>\n<\/li>\n<li>\n<h3>zdvihov\u00e1 hmotnos\u0165 1700 kg<\/h3>\n<\/li>\n<\/ul>\n<p>&nbsp;<\/p>\n<h4><span style=\"color: #000000;\"><strong>\u0160mykom riaden\u00fd naklada\u010d &#8211; GEHL 6640 turbo<\/strong><\/span>\u00a0<span style=\"color: #ff0000;\"><a style=\"color: #ff0000;\" href=\"http:\/\/www.zemnepracebdm.sk\/sk\/wp-content\/uploads\/2018\/03\/gehl_6640.pdf\" target=\"_blank\" rel=\"noopener\">(technick\u00e9 inform\u00e1cie)<\/a><\/span><\/h4>\n<p>[\/vc_column_text][\/vc_column_inner][vc_column_inner width=&#8221;1\/2&#8243;][vc_single_image image=&#8221;3426&#8243; img_size=&#8221;full&#8221;][\/vc_column_inner][\/vc_row_inner][\/vc_column][\/vc_row][vc_row row_fullwidth=&#8221;1&#8243; row_fullwidth_bg=&#8221;0&#8243; row_parallax_bg=&#8221;0&#8243; css=&#8221;.vc_custom_1519906795296{margin-top: 40px !important;}&#8221;][vc_column]<style scoped='scoped'>.mgt-promo-block-26284140423.mgt-promo-block.darken .mgt-promo-block-content {background-color: rgba(0,0,0,0.3)!important;}<\/style><div class=\"mgt-promo-block parallax white-text text-size-large darken mgt-promo-block-26284140423 wpb_content_element\" data-style=\"background-image: url(https:\/\/www.zemnepracebdm.sk\/sk\/wp-content\/uploads\/2018\/03\/vinice.jpg);background-repeat: no-repeat;width: 100%; height: 370px;\"><div class=\"mgt-promo-block-content\"><div class=\"mgt-promo-block-content-inside\">\n<h5 class=\"mgt-cta-block-header\" style=\"text-align: center\">ZREALIZUJEME AJ<\/h5>\n<h2 class=\"mgt-cta-block-content\" style=\"text-align: center\">Plan\u00edrovanie ter\u00e9nu, vinohradov&#8230;<\/h2>\n<div class=\"mgt-button-wrapper mgt-button-wrapper-align-center mgt-button-wrapper-display-newline mgt-button-top-margin-enable\"><a class=\"btn hvr-default mgt-button mgt-style-solid mgt-size-large mgt-align-center mgt-display-newline mgt-text-size-normal mgt-button-icon-position-left mgt-text-transform-uppercase \" href=\"\">VST\u00daPTE!<\/a><\/div><\/div><\/div><\/div>[vc_empty_space][\/vc_column][\/vc_row][vc_row css=&#8221;.vc_custom_1519918721634{margin-top: -100px !important;background-position: center !important;background-repeat: no-repeat !important;background-size: cover !important;}&#8221;][vc_column]<style scoped='scoped'>.mgt-promo-block-77359319264.mgt-promo-block.darken .mgt-promo-block-content {background-color: #1e1e1e!important;}.mgt-promo-block-77359319264.mgt-promo-block.animated:hover .mgt-promo-block-content {background-color: rgba(28,33,38,0.48)!important;}<\/style><div class=\"mgt-promo-block animated white-text cover-image text-size-normal darken mgt-promo-block-77359319264 wpb_content_element wpb_animate_when_almost_visible wpb_top-to-bottom\" data-style=\"background-image: url(https:\/\/www.zemnepracebdm.sk\/sk\/wp-content\/uploads\/2018\/02\/sluzby.jpg);background-repeat: no-repeat;width: 100%; height: 350px;\"><div class=\"mgt-promo-block-content\"><div class=\"mgt-promo-block-content-inside vc_custom_1519918930162\">\n<h1 style=\"text-align: center\">V\u00ddKOPOV\u00c9\u00a0 |\u00a0 ZEMN\u00c9\u00a0 |\u00a0 B\u00daRACIE PR\u00c1CE &#8211; volajte +421 911 630 352<\/h1>\n<h3 style=\"text-align: center\"><span style=\"color: #b8b8b8\"><br \/>\nKontaktujte n\u00e1s a my sa o v\u0161etko postar\u00e1me.<\/span><\/h3>\n<div class=\"mgt-button-wrapper mgt-button-wrapper-align-center mgt-button-wrapper-display-newline mgt-button-top-margin-enable\"><a class=\"btn hvr-bounce-to-right mgt-button mgt-style-solid mgt-size-normal mgt-align-center mgt-display-newline mgt-text-size-normal mgt-button-icon-position-left mgt-text-transform-uppercase \" href=\"http:\/\/www.zemnepracebdm.sk\/sk\/kontakt\/\">kontaktova\u0165<\/a><\/div><\/div><\/div><\/div>[\/vc_column][\/vc_row]<\/p>\n","protected":false},"excerpt":{"rendered":"<p>[vc_row full_width=&#8221;stretch_row_content_no_spaces&#8221; css=&#8221;.vc_custom_1519817482922{background-image: url(http:\/\/www.zemnepracebdm.sk\/sk\/wp-content\/uploads\/2018\/02\/pozadie3_.jpg?id=3428) !important;}&#8221;][vc_column][vc_empty_space height=&#8221;60px&#8221;][vc_row_inner][vc_column_inner][\/vc_column_inner][\/vc_row_inner][vc_row_inner][vc_column_inner width=&#8221;1\/6&#8243;][\/vc_column_inner][vc_column_inner width=&#8221;2\/3&#8243;][vc_column_text] Chyst\u00e1te sa zalo\u017ei\u0165 tr\u00e1vnik, poklada\u0165 z\u00e1mkov\u00fa dla\u017ebu alebo upravi\u0165 stavebn\u00fd pozemok \u010di z\u00e1hradu? Rovinat\u00fd ter\u00e9n zbav\u00edme f\u00e1dnosti a svahovit\u00fd ter\u00e9n uprav\u00edme tak,&#8230;<\/p>\n","protected":false},"author":2,"featured_media":0,"parent":0,"menu_order":0,"comment_status":"closed","ping_status":"closed","template":"","meta":[],"_links":{"self":[{"href":"https:\/\/www.zemnepracebdm.sk\/sk\/wp-json\/wp\/v2\/pages\/3369"}],"collection":[{"href":"https:\/\/www.zemnepracebdm.sk\/sk\/wp-json\/wp\/v2\/pages"}],"about":[{"href":"https:\/\/www.zemnepracebdm.sk\/sk\/wp-json\/wp\/v2\/types\/page"}],"author":[{"embeddable":true,"href":"https:\/\/www.zemnepracebdm.sk\/sk\/wp-json\/wp\/v2\/users\/2"}],"replies":[{"embeddable":true,"href":"https:\/\/www.zemnepracebdm.sk\/sk\/wp-json\/wp\/v2\/comments?post=3369"}],"version-history":[{"count":18,"href":"https:\/\/www.zemnepracebdm.sk\/sk\/wp-json\/wp\/v2\/pages\/3369\/revisions"}],"predecessor-version":[{"id":3616,"href":"https:\/\/www.zemnepracebdm.sk\/sk\/wp-json\/wp\/v2\/pages\/3369\/revisions\/3616"}],"wp:attachment":[{"href":"https:\/\/www.zemnepracebdm.sk\/sk\/wp-json\/wp\/v2\/media?parent=3369"}],"curies":[{"name":"wp","href":"https:\/\/api.w.org\/{rel}","templated":true}]}}