{"id":3371,"date":"2018-02-28T09:06:20","date_gmt":"2018-02-28T08:06:20","guid":{"rendered":"http:\/\/www.zemnepracebdm.sk\/sk\/?page_id=3371"},"modified":"2018-03-19T09:35:16","modified_gmt":"2018-03-19T08:35:16","slug":"dovoz-a-odvoz-sypkeho-materialu","status":"publish","type":"page","link":"https:\/\/www.zemnepracebdm.sk\/sk\/dovoz-a-odvoz-sypkeho-materialu\/","title":{"rendered":"Dovoz a odvoz sypk\u00e9ho materi\u00e1lu"},"content":{"rendered":"<p>[vc_row full_width=&#8221;stretch_row_content_no_spaces&#8221; css=&#8221;.vc_custom_1519821231805{background-image: url(http:\/\/www.zemnepracebdm.sk\/sk\/wp-content\/uploads\/2018\/02\/strk2.jpg?id=3453) !important;}&#8221;][vc_column][vc_empty_space height=&#8221;60px&#8221;][vc_row_inner][vc_column_inner]<div class=\"mgt-header-block clearfix text-center text-black wpb_content_element  mgt-header-block-style-2 mgt-header-texttransform-subheader \"><p class=\"mgt-header-block-subtitle\">Odvoz stavebn\u00e9ho odpadu po b\u00farac\u00edch pr\u00e1cach, <\/p><h1 class=\"mgt-header-block-title\">Dovoz a odvoz sypk\u00e9ho materi\u00e1lu.<\/h1><\/div>[\/vc_column_inner][\/vc_row_inner][vc_row_inner][vc_column_inner width=&#8221;1\/6&#8243;][\/vc_column_inner][vc_column_inner width=&#8221;2\/3&#8243;][vc_column_text]<\/p>\n<h3 style=\"text-align: center;\">Zabezpe\u010d\u00edme odvoz stavebn\u00e9ho odpadu po b\u00farac\u00edch a demola\u010dn\u00fdch pr\u00e1cach.<\/h3>\n<h3 style=\"text-align: center;\">Pon\u00fakame dovoz sypk\u00fdch materi\u00e1lov n\u00e1kladn\u00fdmi skl\u00e1pac\u00edmi vozidlami ako \u0161trk, piesok, mak\u00e1dam, zahradn\u00fa zeminu\u2026<\/h3>\n<p>[\/vc_column_text][\/vc_column_inner][vc_column_inner width=&#8221;1\/6&#8243;][\/vc_column_inner][\/vc_row_inner][vc_row_inner][vc_column_inner width=&#8221;1\/6&#8243;]<div class=\"mgt-icon-box wpb_content_element wpb_animate_when_almost_visible wpb_top-to-bottom mgt-icon-box-centered mgt-icon-fa mgt-icon-background mgt-icon-background-invert text-black \"><div class=\"mgt-icon-box-icon hvr-icon-push\"><div class=\"mgt-font-icon\"><i class=\"fa fa-hospital-o\"><\/i><\/div><\/div><div class=\"mgt-icon-box-content\"><h5>ODPAD<\/h5><\/div><div class=\"clearfix\"><\/div><\/div>[\/vc_column_inner][vc_column_inner width=&#8221;1\/6&#8243;]<div class=\"mgt-icon-box wpb_content_element wpb_animate_when_almost_visible wpb_top-to-bottom mgt-icon-box-centered mgt-icon-fa mgt-icon-background mgt-icon-background-invert text-black \"><div class=\"mgt-icon-box-icon hvr-icon-push\"><div class=\"mgt-font-icon\"><i class=\"fa fa-hospital-o\"><\/i><\/div><\/div><div class=\"mgt-icon-box-content\"><h5>\u0160TRK<\/h5><\/div><div class=\"clearfix\"><\/div><\/div>[\/vc_column_inner][vc_column_inner width=&#8221;1\/6&#8243;]<div class=\"mgt-icon-box wpb_content_element wpb_animate_when_almost_visible wpb_top-to-bottom mgt-icon-box-centered mgt-icon-fa mgt-icon-background mgt-icon-background-invert text-black \"><div class=\"mgt-icon-box-icon hvr-icon-push\"><div class=\"mgt-font-icon\"><i class=\"fa fa-briefcase\"><\/i><\/div><\/div><div class=\"mgt-icon-box-content\"><h5>PIESOK<\/h5><\/div><div class=\"clearfix\"><\/div><\/div>[\/vc_column_inner][vc_column_inner width=&#8221;1\/6&#8243;]<div class=\"mgt-icon-box wpb_content_element wpb_animate_when_almost_visible wpb_top-to-bottom mgt-icon-box-centered mgt-icon-fa mgt-icon-background mgt-icon-background-invert text-black \"><div class=\"mgt-icon-box-icon hvr-icon-push\"><div class=\"mgt-font-icon\"><i class=\"fa fa-briefcase\"><\/i><\/div><\/div><div class=\"mgt-icon-box-content\"><h5>MAKAD\u00c1M<\/h5><\/div><div class=\"clearfix\"><\/div><\/div>[\/vc_column_inner][vc_column_inner width=&#8221;1\/6&#8243;]<div class=\"mgt-icon-box wpb_content_element wpb_animate_when_almost_visible wpb_top-to-bottom mgt-icon-box-centered mgt-icon-fa mgt-icon-background mgt-icon-background-invert text-black \"><div class=\"mgt-icon-box-icon hvr-icon-push\"><div class=\"mgt-font-icon\"><i class=\"fa fa-briefcase\"><\/i><\/div><\/div><div class=\"mgt-icon-box-content\"><h5>ZEMINA<\/h5><\/div><div class=\"clearfix\"><\/div><\/div>[\/vc_column_inner][vc_column_inner width=&#8221;1\/6&#8243;]<div class=\"mgt-icon-box wpb_content_element wpb_animate_when_almost_visible wpb_top-to-bottom mgt-icon-box-centered mgt-icon-fa mgt-icon-background mgt-icon-background-invert text-black \"><div class=\"mgt-icon-box-icon hvr-icon-push\"><div class=\"mgt-font-icon\"><i class=\"fa fa-briefcase\"><\/i><\/div><\/div><div class=\"mgt-icon-box-content\"><h5>SU\u0164<\/h5><\/div><div class=\"clearfix\"><\/div><\/div>[\/vc_column_inner][\/vc_row_inner][vc_empty_space height=&#8221;60px&#8221;][\/vc_column][\/vc_row][vc_row css=&#8221;.vc_custom_1465991303714{margin-top: 30px !important;}&#8221;][vc_column][vc_row_inner][vc_column_inner width=&#8221;1\/2&#8243;][vc_column_text]<\/p>\n<ul>\n<li>\n<h3>Pristavenie pr\u00e1zdneho kontajnera na dohodnut\u00e9 miesto.<\/h3>\n<\/li>\n<li>\n<h3>Pren\u00e1jom kontajnera\u00a0 pod\u013ea dohody.<\/h3>\n<\/li>\n<li>\n<h3>Odvoz stavebn\u00e9ho odpadu<\/h3>\n<\/li>\n<\/ul>\n<p>[\/vc_column_text][vc_column_text]<\/p>\n<ul>\n<li>\n<h3>Dovoz piesku, \u0161trku, makad\u00e1mu<\/h3>\n<\/li>\n<li>\n<h3>Dovoz zeminy na ter\u00e9nne \u00fapravy<\/h3>\n<\/li>\n<li>\n<h3>Doprava sypk\u00e9ho materi\u00e1lu<\/h3>\n<\/li>\n<\/ul>\n<p>[\/vc_column_text][\/vc_column_inner][vc_column_inner width=&#8221;1\/2&#8243;][vc_single_image image=&#8221;3583&#8243; img_size=&#8221;full&#8221; alignment=&#8221;center&#8221;][\/vc_column_inner][\/vc_row_inner][\/vc_column][\/vc_row][vc_row full_width=&#8221;stretch_row_content_no_spaces&#8221; css=&#8221;.vc_custom_1519809840144{margin-top: -100px !important;margin-bottom: -70px !important;background-position: center !important;background-repeat: no-repeat !important;background-size: cover !important;}&#8221;][vc_column]<style scoped='scoped'>.mgt-promo-block-77359319264.mgt-promo-block.darken .mgt-promo-block-content {background-color: #1e1e1e!important;}.mgt-promo-block-77359319264.mgt-promo-block.animated:hover .mgt-promo-block-content {background-color: rgba(28,33,38,0.48)!important;}<\/style><div class=\"mgt-promo-block animated white-text cover-image text-size-normal darken mgt-promo-block-77359319264 wpb_content_element wpb_animate_when_almost_visible wpb_top-to-bottom\" data-style=\"background-image: url(https:\/\/www.zemnepracebdm.sk\/sk\/wp-content\/uploads\/2018\/03\/strk.jpg);background-repeat: no-repeat;width: 100%; height: 350px;\"><div class=\"mgt-promo-block-content\"><div class=\"mgt-promo-block-content-inside vc_custom_1519919188407\">\n<h1 style=\"text-align: center\">V\u00ddKOPOV\u00c9\u00a0 |\u00a0 ZEMN\u00c9\u00a0 |\u00a0 B\u00daRACIE PR\u00c1CE &#8211; volajte +421 911 630 352<\/h1>\n<h3 style=\"text-align: center\"><span style=\"color: #b8b8b8\"><br \/>\nKontaktujte n\u00e1s a my sa o v\u0161etko postar\u00e1me.<\/span><\/h3>\n<div class=\"mgt-button-wrapper mgt-button-wrapper-align-center mgt-button-wrapper-display-newline mgt-button-top-margin-enable\"><a class=\"btn hvr-bounce-to-right mgt-button mgt-style-solid mgt-size-normal mgt-align-center mgt-display-newline mgt-text-size-normal mgt-button-icon-position-left mgt-text-transform-uppercase \" href=\"http:\/\/www.zemnepracebdm.sk\/sk\/kontakt\/\">kontaktova\u0165<\/a><\/div><\/div><\/div><\/div>[\/vc_column][\/vc_row]<\/p>\n","protected":false},"excerpt":{"rendered":"<p>[vc_row full_width=&#8221;stretch_row_content_no_spaces&#8221; css=&#8221;.vc_custom_1519821231805{background-image: url(http:\/\/www.zemnepracebdm.sk\/sk\/wp-content\/uploads\/2018\/02\/strk2.jpg?id=3453) !important;}&#8221;][vc_column][vc_empty_space height=&#8221;60px&#8221;][vc_row_inner][vc_column_inner][\/vc_column_inner][\/vc_row_inner][vc_row_inner][vc_column_inner width=&#8221;1\/6&#8243;][\/vc_column_inner][vc_column_inner width=&#8221;2\/3&#8243;][vc_column_text] Zabezpe\u010d\u00edme odvoz stavebn\u00e9ho odpadu po b\u00farac\u00edch a demola\u010dn\u00fdch pr\u00e1cach. Pon\u00fakame dovoz sypk\u00fdch materi\u00e1lov n\u00e1kladn\u00fdmi skl\u00e1pac\u00edmi vozidlami ako \u0161trk, piesok, mak\u00e1dam, zahradn\u00fa zeminu\u2026&#8230;<\/p>\n","protected":false},"author":2,"featured_media":0,"parent":0,"menu_order":0,"comment_status":"closed","ping_status":"closed","template":"","meta":[],"_links":{"self":[{"href":"https:\/\/www.zemnepracebdm.sk\/sk\/wp-json\/wp\/v2\/pages\/3371"}],"collection":[{"href":"https:\/\/www.zemnepracebdm.sk\/sk\/wp-json\/wp\/v2\/pages"}],"about":[{"href":"https:\/\/www.zemnepracebdm.sk\/sk\/wp-json\/wp\/v2\/types\/page"}],"author":[{"embeddable":true,"href":"https:\/\/www.zemnepracebdm.sk\/sk\/wp-json\/wp\/v2\/users\/2"}],"replies":[{"embeddable":true,"href":"https:\/\/www.zemnepracebdm.sk\/sk\/wp-json\/wp\/v2\/comments?post=3371"}],"version-history":[{"count":19,"href":"https:\/\/www.zemnepracebdm.sk\/sk\/wp-json\/wp\/v2\/pages\/3371\/revisions"}],"predecessor-version":[{"id":3590,"href":"https:\/\/www.zemnepracebdm.sk\/sk\/wp-json\/wp\/v2\/pages\/3371\/revisions\/3590"}],"wp:attachment":[{"href":"https:\/\/www.zemnepracebdm.sk\/sk\/wp-json\/wp\/v2\/media?parent=3371"}],"curies":[{"name":"wp","href":"https:\/\/api.w.org\/{rel}","templated":true}]}}