{"id":3373,"date":"2018-02-28T09:06:33","date_gmt":"2018-02-28T08:06:33","guid":{"rendered":"http:\/\/www.zemnepracebdm.sk\/sk\/?page_id=3373"},"modified":"2018-04-10T10:15:47","modified_gmt":"2018-04-10T08:15:47","slug":"specialna-cinnost","status":"publish","type":"page","link":"https:\/\/www.zemnepracebdm.sk\/sk\/specialna-cinnost\/","title":{"rendered":"\u0160peci\u00e1lna \u010dinnos\u0165"},"content":{"rendered":"<p>[vc_row full_width=&#8221;stretch_row_content_no_spaces&#8221; css=&#8221;.vc_custom_1519916364025{background-image: url(http:\/\/www.zemnepracebdm.sk\/sk\/wp-content\/uploads\/2018\/03\/pozadie_.jpg?id=3558) !important;}&#8221;][vc_column][vc_empty_space height=&#8221;60px&#8221;][vc_row_inner][vc_column_inner]<div class=\"mgt-header-block clearfix text-center text-black wpb_content_element  mgt-header-block-style-2 mgt-header-texttransform-subheader \"><p class=\"mgt-header-block-subtitle\">\u0160PECI\u00c1LNA \u010cINNOS\u0164<\/p><h1 class=\"mgt-header-block-title\">Potrebujete vykona\u0165 orez stromov, vy\u010disti\u0165 pozemok alebo zlikvidova\u0165 odpad ?<\/h1><\/div>[\/vc_column_inner][\/vc_row_inner][vc_row_inner][vc_column_inner width=&#8221;1\/6&#8243;][\/vc_column_inner][vc_column_inner width=&#8221;2\/3&#8243;][vc_column_text]<\/p>\n<h3 style=\"text-align: center;\">Zabezpe\u010dujeme \u0161peci\u00e1lne \u010dinnosti ako orez stromov, \u010distenie (pozemkov, z\u00e1hrad, domov), vyprat\u00e1vanie (domov, ch\u00e1t, gar\u00e1\u017e\u00ed), likvid\u00e1ciu odpadu.<\/h3>\n<p>[\/vc_column_text][\/vc_column_inner][vc_column_inner width=&#8221;1\/6&#8243;][\/vc_column_inner][\/vc_row_inner][vc_row_inner][vc_column_inner width=&#8221;1\/6&#8243;]<div class=\"mgt-icon-box wpb_content_element wpb_animate_when_almost_visible wpb_top-to-bottom mgt-icon-box-centered mgt-icon-fa mgt-icon-background mgt-icon-background-invert text-black \"><div class=\"mgt-icon-box-icon hvr-icon-push\"><div class=\"mgt-font-icon\"><i class=\"fa fa-hospital-o\"><\/i><\/div><\/div><div class=\"mgt-icon-box-content\"><h5>\u010cISTENIE<\/h5><\/div><div class=\"clearfix\"><\/div><\/div>[\/vc_column_inner][vc_column_inner width=&#8221;1\/6&#8243;]<div class=\"mgt-icon-box wpb_content_element wpb_animate_when_almost_visible wpb_top-to-bottom mgt-icon-box-centered mgt-icon-fa mgt-icon-background mgt-icon-background-invert text-black \"><div class=\"mgt-icon-box-icon hvr-icon-push\"><div class=\"mgt-font-icon\"><i class=\"fa fa-hospital-o\"><\/i><\/div><\/div><div class=\"mgt-icon-box-content\"><h5>VYPRAT\u00c1VANIE<\/h5><\/div><div class=\"clearfix\"><\/div><\/div>[\/vc_column_inner][vc_column_inner width=&#8221;1\/6&#8243;]<div class=\"mgt-icon-box wpb_content_element wpb_animate_when_almost_visible wpb_top-to-bottom mgt-icon-box-centered mgt-icon-fa mgt-icon-background mgt-icon-background-invert text-black \"><div class=\"mgt-icon-box-icon hvr-icon-push\"><div class=\"mgt-font-icon\"><i class=\"fa fa-briefcase\"><\/i><\/div><\/div><div class=\"mgt-icon-box-content\"><h5>OREZ STROMOV<\/h5><\/div><div class=\"clearfix\"><\/div><\/div>[\/vc_column_inner][vc_column_inner width=&#8221;1\/6&#8243;]<div class=\"mgt-icon-box wpb_content_element wpb_animate_when_almost_visible wpb_top-to-bottom mgt-icon-box-centered mgt-icon-fa mgt-icon-background mgt-icon-background-invert text-black \"><div class=\"mgt-icon-box-icon hvr-icon-push\"><div class=\"mgt-font-icon\"><i class=\"fa fa-briefcase\"><\/i><\/div><\/div><div class=\"mgt-icon-box-content\"><h5>LIKVID\u00c1CIA<\/h5><\/div><div class=\"clearfix\"><\/div><\/div>[\/vc_column_inner][vc_column_inner width=&#8221;1\/6&#8243;]<div class=\"mgt-icon-box wpb_content_element wpb_animate_when_almost_visible wpb_top-to-bottom mgt-icon-box-centered mgt-icon-fa mgt-icon-background mgt-icon-background-invert text-black \"><div class=\"mgt-icon-box-icon hvr-icon-push\"><div class=\"mgt-font-icon\"><i class=\"fa fa-briefcase\"><\/i><\/div><\/div><div class=\"mgt-icon-box-content\"><h5>ZIMN\u00c1 \u00daDR\u017dBA<\/h5><\/div><div class=\"clearfix\"><\/div><\/div>[\/vc_column_inner][vc_column_inner width=&#8221;1\/6&#8243;]<div class=\"mgt-icon-box wpb_content_element wpb_animate_when_almost_visible wpb_top-to-bottom mgt-icon-box-centered mgt-icon-fa mgt-icon-background mgt-icon-background-invert text-black \"><div class=\"mgt-icon-box-icon hvr-icon-push\"><div class=\"mgt-font-icon\"><i class=\"fa fa-briefcase\"><\/i><\/div><\/div><div class=\"mgt-icon-box-content\"><h5>SOLENIE<\/h5><\/div><div class=\"clearfix\"><\/div><\/div>[\/vc_column_inner][\/vc_row_inner][vc_empty_space height=&#8221;60px&#8221;][\/vc_column][\/vc_row][vc_row css=&#8221;.vc_custom_1465991303714{margin-top: 30px !important;}&#8221;][vc_column][vc_row_inner][vc_column_inner]<div class=\"mgt-header-block clearfix text-center text-black wpb_content_element  mgt-header-block-style-2 mgt-header-texttransform-both \"><h1 class=\"mgt-header-block-title\">\u0160mykov\u00fd naklada\u010d Gehl 5635<\/h1><\/div>[\/vc_column_inner][\/vc_row_inner][vc_row_inner][vc_column_inner width=&#8221;1\/2&#8243; css=&#8221;.vc_custom_1519809283837{padding-top: 150px !important;}&#8221;][vc_column_text]<\/p>\n<ul>\n<li>\n<h3>hmotnos\u0165 3400 kg<\/h3>\n<\/li>\n<li>\n<h3>\u0161\u00edrka 1750 mm<\/h3>\n<\/li>\n<li>\n<h3>\u0161\u00edrka 1750 mm<\/h3>\n<\/li>\n<li>\n<h3>zdvihov\u00e1 hmotnos\u0165 1700 kg<\/h3>\n<\/li>\n<\/ul>\n<p>[\/vc_column_text][\/vc_column_inner][vc_column_inner width=&#8221;1\/2&#8243;][vc_single_image image=&#8221;3426&#8243; img_size=&#8221;full&#8221;][\/vc_column_inner][\/vc_row_inner][\/vc_column][\/vc_row][vc_row row_fullwidth=&#8221;1&#8243; row_fullwidth_bg=&#8221;0&#8243; row_parallax_bg=&#8221;0&#8243; css=&#8221;.vc_custom_1519906795296{margin-top: 40px !important;}&#8221;][vc_column]<style scoped='scoped'>.mgt-promo-block-26284140423.mgt-promo-block.darken .mgt-promo-block-content {background-color: rgba(0,0,0,0.3)!important;}<\/style><div class=\"mgt-promo-block parallax white-text text-size-large darken mgt-promo-block-26284140423 wpb_content_element\" data-style=\"background-image: url(https:\/\/www.zemnepracebdm.sk\/sk\/wp-content\/uploads\/2018\/04\/udrzba.jpg);background-repeat: no-repeat;width: 100%; height: 370px;\"><div class=\"mgt-promo-block-content\"><div class=\"mgt-promo-block-content-inside\">\n<h3 class=\"mgt-cta-block-header\" style=\"text-align: center\">ZREALIZUJEME AJ<\/h3>\n<h1 style=\"text-align: center\">Zimn\u00fa \u00fadr\u017ebu are\u00e1lov a pl\u00f4ch, odh\u0155\u0148anie parkov\u00edsk a solenie ciest.<\/h1>\n<div class=\"mgt-button-wrapper mgt-button-wrapper-align-center mgt-button-wrapper-display-newline mgt-button-top-margin-enable\"><a class=\"btn hvr-default mgt-button mgt-style-solid mgt-size-large mgt-align-center mgt-display-newline mgt-text-size-normal mgt-button-icon-position-left mgt-text-transform-uppercase \" href=\"\">VST\u00daPTE!<\/a><\/div><\/div><\/div><\/div>[vc_empty_space][\/vc_column][\/vc_row][vc_row css=&#8221;.vc_custom_1519920226887{margin-top: -100px !important;margin-bottom: -70px !important;background-position: center !important;background-repeat: no-repeat !important;background-size: cover !important;}&#8221;][vc_column]<style scoped='scoped'>.mgt-promo-block-77359319264.mgt-promo-block.darken .mgt-promo-block-content {background-color: #1e1e1e!important;}.mgt-promo-block-77359319264.mgt-promo-block.animated:hover .mgt-promo-block-content {background-color: rgba(28,33,38,0.48)!important;}<\/style><div class=\"mgt-promo-block animated white-text cover-image text-size-normal darken mgt-promo-block-77359319264 wpb_content_element wpb_animate_when_almost_visible wpb_top-to-bottom\" data-style=\"background-image: url(https:\/\/www.zemnepracebdm.sk\/sk\/wp-content\/uploads\/2018\/02\/sluzby.jpg);background-repeat: no-repeat;width: 100%; height: 350px;\"><div class=\"mgt-promo-block-content\"><div class=\"mgt-promo-block-content-inside vc_custom_1519920314858\">\n<h1 style=\"text-align: center\">V\u00ddKOPOV\u00c9\u00a0 |\u00a0 ZEMN\u00c9\u00a0 |\u00a0 B\u00daRACIE PR\u00c1CE &#8211; volajte +421 911 630 352<\/h1>\n<h3 style=\"text-align: center\"><span style=\"color: #b8b8b8\"><br \/>\nKontaktujte n\u00e1s a my sa o v\u0161etko postar\u00e1me.<\/span><\/h3>\n<div class=\"mgt-button-wrapper mgt-button-wrapper-align-center mgt-button-wrapper-display-newline mgt-button-top-margin-enable\"><a class=\"btn hvr-bounce-to-right mgt-button mgt-style-solid mgt-size-normal mgt-align-center mgt-display-newline mgt-text-size-normal mgt-button-icon-position-left mgt-text-transform-uppercase \" href=\"http:\/\/www.zemnepracebdm.sk\/sk\/kontakt\/\">kontaktova\u0165<\/a><\/div><\/div><\/div><\/div>[\/vc_column][\/vc_row][vc_row][vc_column][vc_column_text]<\/p>\n<p>[\/vc_column_text][\/vc_column][\/vc_row][vc_row css=&#8221;.vc_custom_1519920573241{margin-bottom: 50px !important;}&#8221;][vc_column][vc_row_inner][vc_column_inner width=&#8221;1\/2&#8243;]<style scoped='scoped'>.mgt-promo-block-47315338664.mgt-promo-block.darken .mgt-promo-block-content {background-color: rgba(10,10,10,0.38)!important;}.mgt-promo-block-47315338664.mgt-promo-block.animated:hover .mgt-promo-block-content {background-color: rgba(0,0,0,0.5)!important;}<\/style><div class=\"mgt-promo-block animated white-text cover-image text-size-normal darken mgt-promo-block-47315338664 wpb_content_element wpb_animate_when_almost_visible wpb_right-to-left\" data-style=\"background-image: url(https:\/\/www.zemnepracebdm.sk\/sk\/wp-content\/uploads\/2018\/02\/sluzby.jpg);background-repeat: no-repeat;width: 100%; height: 240px;\"><div class=\"mgt-promo-block-content va-bottom\"><div class=\"mgt-promo-block-content-inside vc_custom_1519920194186\">\n<h3>PORADENSTVO<\/h3>\n<div class=\"mgt-button-wrapper mgt-button-wrapper-align-left mgt-button-wrapper-display-newline mgt-button-top-margin-disable\"><a class=\"btn hvr-icon-wobble-horizontal mgt-button mgt-style-textwhite mgt-size-normal mgt-align-left mgt-display-newline mgt-text-size-small mgt-button-icon-position-right mgt-text-transform-uppercase \" href=\"http:\/\/www.zemnepracebdm.sk\/sk\/kontakt\/\">informova\u0165 sa<i class=\"fa fa-arrow-right\"><\/i><\/a><\/div><\/div><\/div><\/div>[vc_empty_space][\/vc_column_inner][vc_column_inner width=&#8221;1\/2&#8243;]<style scoped='scoped'>.mgt-promo-block-47315338664.mgt-promo-block.darken .mgt-promo-block-content {background-color: rgba(10,10,10,0.38)!important;}.mgt-promo-block-47315338664.mgt-promo-block.animated:hover .mgt-promo-block-content {background-color: rgba(0,0,0,0.5)!important;}<\/style><div class=\"mgt-promo-block animated white-text cover-image text-size-normal darken mgt-promo-block-47315338664 wpb_content_element wpb_animate_when_almost_visible wpb_right-to-left\" data-style=\"background-image: url(https:\/\/www.zemnepracebdm.sk\/sk\/wp-content\/uploads\/2018\/02\/kde_sme.jpg);background-repeat: no-repeat;width: 100%; height: 240px;\"><div class=\"mgt-promo-block-content va-bottom\"><div class=\"mgt-promo-block-content-inside vc_custom_1519920211207\">\n<h3>LOKALITA POSOBENIA<\/h3>\n<div class=\"mgt-button-wrapper mgt-button-wrapper-align-left mgt-button-wrapper-display-newline mgt-button-top-margin-disable\"><a class=\"btn hvr-icon-wobble-horizontal mgt-button mgt-style-textwhite mgt-size-normal mgt-align-left mgt-display-newline mgt-text-size-small mgt-button-icon-position-right mgt-text-transform-uppercase \" href=\"http:\/\/www.zemnepracebdm.sk\/sk\/kontakt\/\">pozrie\u0165 mapu<i class=\"fa fa-arrow-right\"><\/i><\/a><\/div><\/div><\/div><\/div>[vc_empty_space][\/vc_column_inner][\/vc_row_inner][\/vc_column][\/vc_row]<\/p>\n","protected":false},"excerpt":{"rendered":"<p>[vc_row full_width=&#8221;stretch_row_content_no_spaces&#8221; css=&#8221;.vc_custom_1519916364025{background-image: url(http:\/\/www.zemnepracebdm.sk\/sk\/wp-content\/uploads\/2018\/03\/pozadie_.jpg?id=3558) !important;}&#8221;][vc_column][vc_empty_space height=&#8221;60px&#8221;][vc_row_inner][vc_column_inner][\/vc_column_inner][\/vc_row_inner][vc_row_inner][vc_column_inner width=&#8221;1\/6&#8243;][\/vc_column_inner][vc_column_inner width=&#8221;2\/3&#8243;][vc_column_text] Zabezpe\u010dujeme \u0161peci\u00e1lne \u010dinnosti ako orez stromov, \u010distenie (pozemkov, z\u00e1hrad, domov), vyprat\u00e1vanie (domov, ch\u00e1t, gar\u00e1\u017e\u00ed), likvid\u00e1ciu odpadu. [\/vc_column_text][\/vc_column_inner][vc_column_inner width=&#8221;1\/6&#8243;][\/vc_column_inner][\/vc_row_inner][vc_row_inner][vc_column_inner width=&#8221;1\/6&#8243;][\/vc_column_inner][vc_column_inner width=&#8221;1\/6&#8243;][\/vc_column_inner][vc_column_inner width=&#8221;1\/6&#8243;][\/vc_column_inner][vc_column_inner width=&#8221;1\/6&#8243;][\/vc_column_inner][vc_column_inner&#8230;<\/p>\n","protected":false},"author":2,"featured_media":0,"parent":0,"menu_order":0,"comment_status":"closed","ping_status":"closed","template":"","meta":[],"_links":{"self":[{"href":"https:\/\/www.zemnepracebdm.sk\/sk\/wp-json\/wp\/v2\/pages\/3373"}],"collection":[{"href":"https:\/\/www.zemnepracebdm.sk\/sk\/wp-json\/wp\/v2\/pages"}],"about":[{"href":"https:\/\/www.zemnepracebdm.sk\/sk\/wp-json\/wp\/v2\/types\/page"}],"author":[{"embeddable":true,"href":"https:\/\/www.zemnepracebdm.sk\/sk\/wp-json\/wp\/v2\/users\/2"}],"replies":[{"embeddable":true,"href":"https:\/\/www.zemnepracebdm.sk\/sk\/wp-json\/wp\/v2\/comments?post=3373"}],"version-history":[{"count":20,"href":"https:\/\/www.zemnepracebdm.sk\/sk\/wp-json\/wp\/v2\/pages\/3373\/revisions"}],"predecessor-version":[{"id":3632,"href":"https:\/\/www.zemnepracebdm.sk\/sk\/wp-json\/wp\/v2\/pages\/3373\/revisions\/3632"}],"wp:attachment":[{"href":"https:\/\/www.zemnepracebdm.sk\/sk\/wp-json\/wp\/v2\/media?parent=3373"}],"curies":[{"name":"wp","href":"https:\/\/api.w.org\/{rel}","templated":true}]}}